{"id":41315,"date":"2026-02-07T16:56:15","date_gmt":"2026-02-07T15:56:15","guid":{"rendered":"https:\/\/studio44-stockholm.com\/karl-jansson\/"},"modified":"2026-03-13T18:09:41","modified_gmt":"2026-03-13T17:09:41","slug":"karl-jansson","status":"publish","type":"page","link":"https:\/\/studio44-stockholm.com\/en\/karl-jansson\/","title":{"rendered":"Karl Jansson"},"content":{"rendered":"<div class=\"fusion-fullwidth fullwidth-box fusion-builder-row-1 fusion-flex-container has-pattern-background has-mask-background nonhundred-percent-fullwidth non-hundred-percent-height-scrolling\" style=\"--awb-border-radius-top-left:0px;--awb-border-radius-top-right:0px;--awb-border-radius-bottom-right:0px;--awb-border-radius-bottom-left:0px;--awb-flex-wrap:wrap;\" ><div class=\"fusion-builder-row fusion-row fusion-flex-align-items-flex-start fusion-flex-content-wrap\" style=\"max-width:1352px;margin-left: calc(-4% \/ 2 );margin-right: calc(-4% \/ 2 );\"><div class=\"fusion-layout-column fusion_builder_column fusion-builder-column-0 fusion_builder_column_2_3 2_3 fusion-flex-column\" style=\"--awb-bg-size:cover;--awb-width-large:66.666666666667%;--awb-margin-top-large:0px;--awb-spacing-right-large:2.88%;--awb-margin-bottom-large:20px;--awb-spacing-left-large:2.88%;--awb-width-medium:100%;--awb-order-medium:0;--awb-spacing-right-medium:1.92%;--awb-spacing-left-medium:1.92%;--awb-width-small:100%;--awb-order-small:0;--awb-spacing-right-small:1.92%;--awb-spacing-left-small:1.92%;\"><div class=\"fusion-column-wrapper fusion-column-has-shadow fusion-flex-justify-content-flex-start fusion-content-layout-column\"><div class=\"awb-gallery-wrapper awb-gallery-wrapper-1 button-span-no\" style=\"--more-btn-alignment:center;\"><div style=\"margin:-6px;--awb-bordersize:0px;\" class=\"fusion-gallery fusion-gallery-container fusion-grid-3 fusion-columns-total-8 fusion-gallery-layout-masonry fusion-gallery-1\"><div class=\"fusion-grid-column fusion-gallery-column fusion-gallery-column-3 hover-type-zoomin fusion-grid-sizer\"><\/div><div style=\"padding:6.5px;\" class=\"fusion-grid-column fusion-gallery-column fusion-gallery-column-3 hover-type-zoomin fusion-element-grid\"><div class=\"fusion-gallery-image\"><a href=\"https:\/\/studio44-stockholm.com\/wp-content\/uploads\/2026\/03\/100-procent.jpg\" data-title=\"100 procent\" title=\"100 procent\" rel=\"noreferrer\" data-rel=\"iLightbox[gallery_image_1]\" class=\"fusion-lightbox\" target=\"_self\"><div style=\"background-image:url(https:\/\/studio44-stockholm.com\/wp-content\/uploads\/2026\/03\/100-procent.jpg);padding-top:calc((100% + 12px) * 0.8 - 6.5px);background-position:;\" class=\"fusion-masonry-element-container\"><img decoding=\"async\" src=\"https:\/\/studio44-stockholm.com\/wp-content\/uploads\/2026\/03\/100-procent.jpg\" width=\"1613\" height=\"1920\" alt=\"\" title=\"100 procent\" aria-label=\"100 procent\" class=\"img-responsive wp-image-41310\" srcset=\"https:\/\/studio44-stockholm.com\/wp-content\/uploads\/2026\/03\/100-procent-200x238.jpg 200w, https:\/\/studio44-stockholm.com\/wp-content\/uploads\/2026\/03\/100-procent-400x476.jpg 400w, https:\/\/studio44-stockholm.com\/wp-content\/uploads\/2026\/03\/100-procent-600x714.jpg 600w, https:\/\/studio44-stockholm.com\/wp-content\/uploads\/2026\/03\/100-procent-800x952.jpg 800w, https:\/\/studio44-stockholm.com\/wp-content\/uploads\/2026\/03\/100-procent-1200x1428.jpg 1200w, https:\/\/studio44-stockholm.com\/wp-content\/uploads\/2026\/03\/100-procent.jpg 1613w\" sizes=\"(min-width: 2200px) 100vw, (min-width: 824px) 429px, (min-width: 732px) 644px, (min-width: 640px) 732px, \" \/><\/div><\/a><\/div><\/div><div style=\"padding:6.5px;\" class=\"fusion-grid-column fusion-gallery-column fusion-gallery-column-3 hover-type-zoomin fusion-element-grid\"><div class=\"fusion-gallery-image\"><a href=\"https:\/\/studio44-stockholm.com\/wp-content\/uploads\/2026\/03\/brannpunkt.jpg\" data-title=\"br\u00e4nnpunkt\" title=\"br\u00e4nnpunkt\" rel=\"noreferrer\" data-rel=\"iLightbox[gallery_image_1]\" class=\"fusion-lightbox\" target=\"_self\"><div style=\"background-image:url(https:\/\/studio44-stockholm.com\/wp-content\/uploads\/2026\/03\/brannpunkt.jpg);padding-top:calc((100% + 12px) * 0.8 - 6.5px);background-position:;\" class=\"fusion-masonry-element-container\"><img decoding=\"async\" src=\"https:\/\/studio44-stockholm.com\/wp-content\/uploads\/2026\/03\/brannpunkt.jpg\" width=\"1920\" height=\"1712\" alt=\"\" title=\"br\u00e4nnpunkt\" aria-label=\"br\u00e4nnpunkt\" class=\"img-responsive wp-image-41308\" srcset=\"https:\/\/studio44-stockholm.com\/wp-content\/uploads\/2026\/03\/brannpunkt-200x178.jpg 200w, https:\/\/studio44-stockholm.com\/wp-content\/uploads\/2026\/03\/brannpunkt-400x357.jpg 400w, https:\/\/studio44-stockholm.com\/wp-content\/uploads\/2026\/03\/brannpunkt-600x535.jpg 600w, https:\/\/studio44-stockholm.com\/wp-content\/uploads\/2026\/03\/brannpunkt-800x713.jpg 800w, https:\/\/studio44-stockholm.com\/wp-content\/uploads\/2026\/03\/brannpunkt-1200x1070.jpg 1200w, https:\/\/studio44-stockholm.com\/wp-content\/uploads\/2026\/03\/brannpunkt.jpg 1920w\" sizes=\"(min-width: 2200px) 100vw, (min-width: 824px) 429px, (min-width: 732px) 644px, (min-width: 640px) 732px, \" \/><\/div><\/a><\/div><\/div><div style=\"padding:6.5px;\" class=\"fusion-grid-column fusion-gallery-column fusion-gallery-column-3 hover-type-zoomin fusion-element-grid\"><div class=\"fusion-gallery-image\"><a href=\"https:\/\/studio44-stockholm.com\/wp-content\/uploads\/2026\/03\/Fatamorgana.jpg\" data-title=\"Fatamorgana\" title=\"Fatamorgana\" rel=\"noreferrer\" data-rel=\"iLightbox[gallery_image_1]\" class=\"fusion-lightbox\" target=\"_self\"><div style=\"background-image:url(https:\/\/studio44-stockholm.com\/wp-content\/uploads\/2026\/03\/Fatamorgana.jpg);padding-top:calc((100% + 12px) * 0.8 - 6.5px);background-position:;\" class=\"fusion-masonry-element-container\"><img decoding=\"async\" src=\"https:\/\/studio44-stockholm.com\/wp-content\/uploads\/2026\/03\/Fatamorgana.jpg\" width=\"1920\" height=\"1592\" alt=\"\" title=\"Fatamorgana\" aria-label=\"Fatamorgana\" class=\"img-responsive wp-image-41306\" srcset=\"https:\/\/studio44-stockholm.com\/wp-content\/uploads\/2026\/03\/Fatamorgana-200x166.jpg 200w, https:\/\/studio44-stockholm.com\/wp-content\/uploads\/2026\/03\/Fatamorgana-400x332.jpg 400w, https:\/\/studio44-stockholm.com\/wp-content\/uploads\/2026\/03\/Fatamorgana-600x498.jpg 600w, https:\/\/studio44-stockholm.com\/wp-content\/uploads\/2026\/03\/Fatamorgana-800x663.jpg 800w, https:\/\/studio44-stockholm.com\/wp-content\/uploads\/2026\/03\/Fatamorgana-1200x995.jpg 1200w, https:\/\/studio44-stockholm.com\/wp-content\/uploads\/2026\/03\/Fatamorgana.jpg 1920w\" sizes=\"(min-width: 2200px) 100vw, (min-width: 824px) 429px, (min-width: 732px) 644px, (min-width: 640px) 732px, \" \/><\/div><\/a><\/div><\/div><div style=\"padding:6.5px;\" class=\"fusion-grid-column fusion-gallery-column fusion-gallery-column-3 hover-type-zoomin fusion-element-grid\"><div class=\"fusion-gallery-image\"><a href=\"https:\/\/studio44-stockholm.com\/wp-content\/uploads\/2026\/03\/forsta-forsoket.jpg\" data-title=\"f\u00f6rsta f\u00f6rs\u00f6ket\" title=\"f\u00f6rsta f\u00f6rs\u00f6ket\" rel=\"noreferrer\" data-rel=\"iLightbox[gallery_image_1]\" class=\"fusion-lightbox\" target=\"_self\"><div style=\"background-image:url(https:\/\/studio44-stockholm.com\/wp-content\/uploads\/2026\/03\/forsta-forsoket.jpg);padding-top:calc((100% + 12px) * 0.8 - 6.5px);background-position:;\" class=\"fusion-masonry-element-container\"><img decoding=\"async\" src=\"https:\/\/studio44-stockholm.com\/wp-content\/uploads\/2026\/03\/forsta-forsoket.jpg\" width=\"1920\" height=\"1657\" alt=\"\" title=\"f\u00f6rsta f\u00f6rs\u00f6ket\" aria-label=\"f\u00f6rsta f\u00f6rs\u00f6ket\" class=\"img-responsive wp-image-41304\" srcset=\"https:\/\/studio44-stockholm.com\/wp-content\/uploads\/2026\/03\/forsta-forsoket-200x173.jpg 200w, https:\/\/studio44-stockholm.com\/wp-content\/uploads\/2026\/03\/forsta-forsoket-400x345.jpg 400w, https:\/\/studio44-stockholm.com\/wp-content\/uploads\/2026\/03\/forsta-forsoket-600x518.jpg 600w, https:\/\/studio44-stockholm.com\/wp-content\/uploads\/2026\/03\/forsta-forsoket-800x690.jpg 800w, https:\/\/studio44-stockholm.com\/wp-content\/uploads\/2026\/03\/forsta-forsoket-1200x1036.jpg 1200w, https:\/\/studio44-stockholm.com\/wp-content\/uploads\/2026\/03\/forsta-forsoket.jpg 1920w\" sizes=\"(min-width: 2200px) 100vw, (min-width: 824px) 429px, (min-width: 732px) 644px, (min-width: 640px) 732px, \" \/><\/div><\/a><\/div><\/div><div style=\"padding:6.5px;\" class=\"fusion-grid-column fusion-gallery-column fusion-gallery-column-3 hover-type-zoomin fusion-element-portrait\"><div class=\"fusion-gallery-image\"><a href=\"https:\/\/studio44-stockholm.com\/wp-content\/uploads\/2026\/03\/milleniumbug.jpg\" data-title=\"milleniumbug\" title=\"milleniumbug\" rel=\"noreferrer\" data-rel=\"iLightbox[gallery_image_1]\" class=\"fusion-lightbox\" target=\"_self\"><div style=\"background-image:url(https:\/\/studio44-stockholm.com\/wp-content\/uploads\/2026\/03\/milleniumbug.jpg);padding-top:calc((100% + 12px) * 1.6);background-position:;\" class=\"fusion-masonry-element-container\"><img decoding=\"async\" src=\"https:\/\/studio44-stockholm.com\/wp-content\/uploads\/2026\/03\/milleniumbug.jpg\" width=\"1473\" height=\"1920\" alt=\"\" title=\"milleniumbug\" aria-label=\"milleniumbug\" class=\"img-responsive wp-image-41302\" srcset=\"https:\/\/studio44-stockholm.com\/wp-content\/uploads\/2026\/03\/milleniumbug-200x261.jpg 200w, https:\/\/studio44-stockholm.com\/wp-content\/uploads\/2026\/03\/milleniumbug-400x521.jpg 400w, https:\/\/studio44-stockholm.com\/wp-content\/uploads\/2026\/03\/milleniumbug-600x782.jpg 600w, https:\/\/studio44-stockholm.com\/wp-content\/uploads\/2026\/03\/milleniumbug-800x1043.jpg 800w, https:\/\/studio44-stockholm.com\/wp-content\/uploads\/2026\/03\/milleniumbug-1200x1564.jpg 1200w, https:\/\/studio44-stockholm.com\/wp-content\/uploads\/2026\/03\/milleniumbug.jpg 1473w\" sizes=\"(min-width: 2200px) 100vw, (min-width: 824px) 429px, (min-width: 732px) 644px, (min-width: 640px) 732px, \" \/><\/div><\/a><\/div><\/div><div style=\"padding:6.5px;\" class=\"fusion-grid-column fusion-gallery-column fusion-gallery-column-3 hover-type-zoomin fusion-element-portrait\"><div class=\"fusion-gallery-image\"><a href=\"https:\/\/studio44-stockholm.com\/wp-content\/uploads\/2026\/03\/President-of-what.jpg\" data-title=\"President of what\" title=\"President of what\" rel=\"noreferrer\" data-rel=\"iLightbox[gallery_image_1]\" class=\"fusion-lightbox\" target=\"_self\"><div style=\"background-image:url(https:\/\/studio44-stockholm.com\/wp-content\/uploads\/2026\/03\/President-of-what.jpg);padding-top:calc((100% + 12px) * 1.6);background-position:;\" class=\"fusion-masonry-element-container\"><img decoding=\"async\" src=\"https:\/\/studio44-stockholm.com\/wp-content\/uploads\/2026\/03\/President-of-what.jpg\" width=\"1483\" height=\"1920\" alt=\"\" title=\"President of what\" aria-label=\"President of what\" class=\"img-responsive wp-image-41300\" srcset=\"https:\/\/studio44-stockholm.com\/wp-content\/uploads\/2026\/03\/President-of-what-200x259.jpg 200w, https:\/\/studio44-stockholm.com\/wp-content\/uploads\/2026\/03\/President-of-what-400x518.jpg 400w, https:\/\/studio44-stockholm.com\/wp-content\/uploads\/2026\/03\/President-of-what-600x777.jpg 600w, https:\/\/studio44-stockholm.com\/wp-content\/uploads\/2026\/03\/President-of-what-800x1036.jpg 800w, https:\/\/studio44-stockholm.com\/wp-content\/uploads\/2026\/03\/President-of-what-1200x1554.jpg 1200w, https:\/\/studio44-stockholm.com\/wp-content\/uploads\/2026\/03\/President-of-what.jpg 1483w\" sizes=\"(min-width: 2200px) 100vw, (min-width: 824px) 429px, (min-width: 732px) 644px, (min-width: 640px) 732px, \" \/><\/div><\/a><\/div><\/div><div style=\"padding:6.5px;\" class=\"fusion-grid-column fusion-gallery-column fusion-gallery-column-3 hover-type-zoomin fusion-element-grid\"><div class=\"fusion-gallery-image\"><a href=\"https:\/\/studio44-stockholm.com\/wp-content\/uploads\/2026\/03\/ostfest.jpg\" data-title=\"\u00f6stfest\" title=\"\u00f6stfest\" rel=\"noreferrer\" data-rel=\"iLightbox[gallery_image_1]\" class=\"fusion-lightbox\" target=\"_self\"><div style=\"background-image:url(https:\/\/studio44-stockholm.com\/wp-content\/uploads\/2026\/03\/ostfest.jpg);padding-top:calc((100% + 12px) * 0.8 - 6.5px);background-position:;\" class=\"fusion-masonry-element-container\"><img decoding=\"async\" src=\"https:\/\/studio44-stockholm.com\/wp-content\/uploads\/2026\/03\/ostfest.jpg\" width=\"1914\" height=\"1920\" alt=\"\" title=\"\u00f6stfest\" aria-label=\"\u00f6stfest\" class=\"img-responsive wp-image-41298\" srcset=\"https:\/\/studio44-stockholm.com\/wp-content\/uploads\/2026\/03\/ostfest-200x201.jpg 200w, https:\/\/studio44-stockholm.com\/wp-content\/uploads\/2026\/03\/ostfest-400x401.jpg 400w, https:\/\/studio44-stockholm.com\/wp-content\/uploads\/2026\/03\/ostfest-600x602.jpg 600w, https:\/\/studio44-stockholm.com\/wp-content\/uploads\/2026\/03\/ostfest-800x803.jpg 800w, https:\/\/studio44-stockholm.com\/wp-content\/uploads\/2026\/03\/ostfest-1200x1204.jpg 1200w, https:\/\/studio44-stockholm.com\/wp-content\/uploads\/2026\/03\/ostfest.jpg 1914w\" sizes=\"(min-width: 2200px) 100vw, (min-width: 824px) 429px, (min-width: 732px) 644px, (min-width: 640px) 732px, \" \/><\/div><\/a><\/div><\/div><div style=\"padding:6.5px;\" class=\"fusion-grid-column fusion-gallery-column fusion-gallery-column-3 hover-type-zoomin fusion-element-portrait\"><div class=\"fusion-gallery-image\"><a href=\"https:\/\/studio44-stockholm.com\/wp-content\/uploads\/2026\/03\/Odra-Sailor.jpg\" data-title=\"Odra Sailor\" title=\"Odra Sailor\" rel=\"noreferrer\" data-rel=\"iLightbox[gallery_image_1]\" class=\"fusion-lightbox\" target=\"_self\"><div style=\"background-image:url(https:\/\/studio44-stockholm.com\/wp-content\/uploads\/2026\/03\/Odra-Sailor.jpg);padding-top:calc((100% + 12px) * 1.6);background-position:;\" class=\"fusion-masonry-element-container\"><img decoding=\"async\" src=\"https:\/\/studio44-stockholm.com\/wp-content\/uploads\/2026\/03\/Odra-Sailor.jpg\" width=\"1156\" height=\"1920\" alt=\"\" title=\"Odra Sailor\" aria-label=\"Odra Sailor\" class=\"img-responsive wp-image-41296\" srcset=\"https:\/\/studio44-stockholm.com\/wp-content\/uploads\/2026\/03\/Odra-Sailor-200x332.jpg 200w, https:\/\/studio44-stockholm.com\/wp-content\/uploads\/2026\/03\/Odra-Sailor-400x664.jpg 400w, https:\/\/studio44-stockholm.com\/wp-content\/uploads\/2026\/03\/Odra-Sailor-600x997.jpg 600w, https:\/\/studio44-stockholm.com\/wp-content\/uploads\/2026\/03\/Odra-Sailor-800x1329.jpg 800w, https:\/\/studio44-stockholm.com\/wp-content\/uploads\/2026\/03\/Odra-Sailor.jpg 1156w\" sizes=\"(min-width: 2200px) 100vw, (min-width: 824px) 429px, (min-width: 732px) 644px, (min-width: 640px) 732px, \" \/><\/div><\/a><\/div><\/div><\/div><\/div><\/div><\/div><div class=\"fusion-layout-column fusion_builder_column fusion-builder-column-1 fusion_builder_column_1_3 1_3 fusion-flex-column\" style=\"--awb-bg-size:cover;--awb-width-large:33.333333333333%;--awb-margin-top-large:0px;--awb-spacing-right-large:5.76%;--awb-margin-bottom-large:20px;--awb-spacing-left-large:5.76%;--awb-width-medium:100%;--awb-order-medium:0;--awb-spacing-right-medium:1.92%;--awb-spacing-left-medium:1.92%;--awb-width-small:100%;--awb-order-small:0;--awb-spacing-right-small:1.92%;--awb-spacing-left-small:1.92%;\"><div class=\"fusion-column-wrapper fusion-column-has-shadow fusion-flex-justify-content-flex-start fusion-content-layout-column\"><div class=\"fusion-text fusion-text-1\"><h2>Karl Jansson<\/h2>\n<\/div><div class=\"fusion-separator fusion-full-width-sep\" style=\"align-self: center;margin-left: auto;margin-right: auto;margin-top:10px;margin-bottom:10px;width:100%;\"><div class=\"fusion-separator-border sep-single\" style=\"--awb-height:20px;--awb-amount:20px;border-color:#3d2f2d;border-top-width:0px;\"><\/div><\/div><div class=\"fusion-text fusion-text-2\"><p data-start=\"0\" data-end=\"394\">Karl Jansson\u2019s painting often explores the decaying urban landscape. In his works, places marked by the passage of time frequently reappear\u2014environments where wind, water, and wear have left their traces. Light and reflections are central elements. Through layers of oil paint applied over a spray-paint base, he creates surfaces intended to capture atmosphere and a sense of material presence.<\/p>\n<p data-start=\"396\" data-end=\"951\" data-is-last-node=\"\" data-is-only-node=\"\">In parallel, he works under the signature \u201cMoin\u201d as a muralist on a more monumental scale. Here both the subject matter and expression shift: inspiration is often drawn from pop and nerd culture, and the style moves toward a more graphic line drawing with \u201c1980s colors.\u201d As a mural artist, Karl Jansson has participated in several international street art festivals. He studied at Konstfack and S\u00f6r\u00e4ngens Folk High School, and his artistic practice brings together the reflective nature of studio painting with the direct and public energy of street art.<\/p>\n<\/div><ul style=\"--awb-line-height:23.8px;--awb-icon-width:23.8px;--awb-icon-height:23.8px;--awb-icon-margin:9.8px;--awb-content-margin:33.6px;--awb-circlecolor:#ff9800;--awb-circle-yes-font-size:12.32px;\" class=\"fusion-checklist fusion-checklist-1 fusion-checklist-default type-icons\"><li class=\"fusion-li-item\" style=\"\"><span class=\"icon-wrapper circle-yes\"><i class=\"fusion-li-icon fa-at fas\" aria-hidden=\"true\"><\/i><\/span><div class=\"fusion-li-item-content\">\n<p>Instagram\u00a0 <a href=\"https:\/\/www.instagram.com\/moinoflomo\/\">Karl &#8220;Moin&#8221; Jansson<\/a><\/p>\n<\/div><\/li><\/ul><\/div><\/div><\/div><\/div>\n","protected":false},"excerpt":{"rendered":"","protected":false},"author":54,"featured_media":0,"parent":0,"menu_order":0,"comment_status":"closed","ping_status":"closed","template":"","meta":{"jetpack_post_was_ever_published":false,"footnotes":""},"class_list":["post-41315","page","type-page","status-publish","hentry"],"yoast_head":"<!-- This site is optimized with the Yoast SEO plugin v27.4 - https:\/\/yoast.com\/product\/yoast-seo-wordpress\/ -->\n<title>Karl Jansson - Studio 44 Stockholm<\/title>\n<meta name=\"robots\" content=\"index, follow, max-snippet:-1, max-image-preview:large, max-video-preview:-1\" \/>\n<link rel=\"canonical\" href=\"https:\/\/studio44-stockholm.com\/en\/karl-jansson\/\" \/>\n<meta property=\"og:locale\" content=\"en_US\" \/>\n<meta property=\"og:type\" content=\"article\" \/>\n<meta property=\"og:title\" content=\"Karl Jansson - Studio 44 Stockholm\" \/>\n<meta property=\"og:url\" content=\"https:\/\/studio44-stockholm.com\/en\/karl-jansson\/\" \/>\n<meta property=\"og:site_name\" content=\"Studio 44 Stockholm\" \/>\n<meta property=\"article:publisher\" content=\"https:\/\/www.facebook.com\/studio44stockholm\" \/>\n<meta property=\"article:modified_time\" content=\"2026-03-13T17:09:41+00:00\" \/>\n<meta name=\"twitter:card\" content=\"summary_large_image\" \/>\n<meta name=\"twitter:label1\" content=\"Est. reading time\" \/>\n\t<meta name=\"twitter:data1\" content=\"3 minutes\" \/>\n<script type=\"application\/ld+json\" class=\"yoast-schema-graph\">{\"@context\":\"https:\\\/\\\/schema.org\",\"@graph\":[{\"@type\":\"WebPage\",\"@id\":\"https:\\\/\\\/studio44-stockholm.com\\\/en\\\/karl-jansson\\\/\",\"url\":\"https:\\\/\\\/studio44-stockholm.com\\\/en\\\/karl-jansson\\\/\",\"name\":\"Karl Jansson - Studio 44 Stockholm\",\"isPartOf\":{\"@id\":\"https:\\\/\\\/studio44-stockholm.com\\\/en\\\/#website\"},\"datePublished\":\"2026-02-07T15:56:15+00:00\",\"dateModified\":\"2026-03-13T17:09:41+00:00\",\"breadcrumb\":{\"@id\":\"https:\\\/\\\/studio44-stockholm.com\\\/en\\\/karl-jansson\\\/#breadcrumb\"},\"inLanguage\":\"en-US\",\"potentialAction\":[{\"@type\":\"ReadAction\",\"target\":[\"https:\\\/\\\/studio44-stockholm.com\\\/en\\\/karl-jansson\\\/\"]}]},{\"@type\":\"BreadcrumbList\",\"@id\":\"https:\\\/\\\/studio44-stockholm.com\\\/en\\\/karl-jansson\\\/#breadcrumb\",\"itemListElement\":[{\"@type\":\"ListItem\",\"position\":1,\"name\":\"Hem\",\"item\":\"https:\\\/\\\/studio44-stockholm.com\\\/en\\\/\"},{\"@type\":\"ListItem\",\"position\":2,\"name\":\"Karl Jansson\"}]},{\"@type\":\"WebSite\",\"@id\":\"https:\\\/\\\/studio44-stockholm.com\\\/en\\\/#website\",\"url\":\"https:\\\/\\\/studio44-stockholm.com\\\/en\\\/\",\"name\":\"Studio 44 Stockholm\",\"description\":\"Studio 44, artist-run gallery in Stockholm\",\"publisher\":{\"@id\":\"https:\\\/\\\/studio44-stockholm.com\\\/en\\\/#organization\"},\"potentialAction\":[{\"@type\":\"SearchAction\",\"target\":{\"@type\":\"EntryPoint\",\"urlTemplate\":\"https:\\\/\\\/studio44-stockholm.com\\\/en\\\/?s={search_term_string}\"},\"query-input\":{\"@type\":\"PropertyValueSpecification\",\"valueRequired\":true,\"valueName\":\"search_term_string\"}}],\"inLanguage\":\"en-US\"},{\"@type\":\"Organization\",\"@id\":\"https:\\\/\\\/studio44-stockholm.com\\\/en\\\/#organization\",\"name\":\"Studio 44 Stockholm\",\"url\":\"https:\\\/\\\/studio44-stockholm.com\\\/en\\\/\",\"logo\":{\"@type\":\"ImageObject\",\"inLanguage\":\"en-US\",\"@id\":\"https:\\\/\\\/studio44-stockholm.com\\\/en\\\/#\\\/schema\\\/logo\\\/image\\\/\",\"url\":\"https:\\\/\\\/studio44-stockholm.com\\\/wp-content\\\/uploads\\\/2021\\\/04\\\/studio44.jpg\",\"contentUrl\":\"https:\\\/\\\/studio44-stockholm.com\\\/wp-content\\\/uploads\\\/2021\\\/04\\\/studio44.jpg\",\"width\":300,\"height\":76,\"caption\":\"Studio 44 Stockholm\"},\"image\":{\"@id\":\"https:\\\/\\\/studio44-stockholm.com\\\/en\\\/#\\\/schema\\\/logo\\\/image\\\/\"},\"sameAs\":[\"https:\\\/\\\/www.facebook.com\\\/studio44stockholm\",\"https:\\\/\\\/www.youtube.com\\\/@studio44stockholm10\",\"https:\\\/\\\/www.instagram.com\\\/studio44sthlm\\\/\"]}]}<\/script>\n<!-- \/ Yoast SEO plugin. -->","yoast_head_json":{"title":"Karl Jansson - Studio 44 Stockholm","robots":{"index":"index","follow":"follow","max-snippet":"max-snippet:-1","max-image-preview":"max-image-preview:large","max-video-preview":"max-video-preview:-1"},"canonical":"https:\/\/studio44-stockholm.com\/en\/karl-jansson\/","og_locale":"en_US","og_type":"article","og_title":"Karl Jansson - Studio 44 Stockholm","og_url":"https:\/\/studio44-stockholm.com\/en\/karl-jansson\/","og_site_name":"Studio 44 Stockholm","article_publisher":"https:\/\/www.facebook.com\/studio44stockholm","article_modified_time":"2026-03-13T17:09:41+00:00","twitter_card":"summary_large_image","twitter_misc":{"Est. reading time":"3 minutes"},"schema":{"@context":"https:\/\/schema.org","@graph":[{"@type":"WebPage","@id":"https:\/\/studio44-stockholm.com\/en\/karl-jansson\/","url":"https:\/\/studio44-stockholm.com\/en\/karl-jansson\/","name":"Karl Jansson - Studio 44 Stockholm","isPartOf":{"@id":"https:\/\/studio44-stockholm.com\/en\/#website"},"datePublished":"2026-02-07T15:56:15+00:00","dateModified":"2026-03-13T17:09:41+00:00","breadcrumb":{"@id":"https:\/\/studio44-stockholm.com\/en\/karl-jansson\/#breadcrumb"},"inLanguage":"en-US","potentialAction":[{"@type":"ReadAction","target":["https:\/\/studio44-stockholm.com\/en\/karl-jansson\/"]}]},{"@type":"BreadcrumbList","@id":"https:\/\/studio44-stockholm.com\/en\/karl-jansson\/#breadcrumb","itemListElement":[{"@type":"ListItem","position":1,"name":"Hem","item":"https:\/\/studio44-stockholm.com\/en\/"},{"@type":"ListItem","position":2,"name":"Karl Jansson"}]},{"@type":"WebSite","@id":"https:\/\/studio44-stockholm.com\/en\/#website","url":"https:\/\/studio44-stockholm.com\/en\/","name":"Studio 44 Stockholm","description":"Studio 44, artist-run gallery in Stockholm","publisher":{"@id":"https:\/\/studio44-stockholm.com\/en\/#organization"},"potentialAction":[{"@type":"SearchAction","target":{"@type":"EntryPoint","urlTemplate":"https:\/\/studio44-stockholm.com\/en\/?s={search_term_string}"},"query-input":{"@type":"PropertyValueSpecification","valueRequired":true,"valueName":"search_term_string"}}],"inLanguage":"en-US"},{"@type":"Organization","@id":"https:\/\/studio44-stockholm.com\/en\/#organization","name":"Studio 44 Stockholm","url":"https:\/\/studio44-stockholm.com\/en\/","logo":{"@type":"ImageObject","inLanguage":"en-US","@id":"https:\/\/studio44-stockholm.com\/en\/#\/schema\/logo\/image\/","url":"https:\/\/studio44-stockholm.com\/wp-content\/uploads\/2021\/04\/studio44.jpg","contentUrl":"https:\/\/studio44-stockholm.com\/wp-content\/uploads\/2021\/04\/studio44.jpg","width":300,"height":76,"caption":"Studio 44 Stockholm"},"image":{"@id":"https:\/\/studio44-stockholm.com\/en\/#\/schema\/logo\/image\/"},"sameAs":["https:\/\/www.facebook.com\/studio44stockholm","https:\/\/www.youtube.com\/@studio44stockholm10","https:\/\/www.instagram.com\/studio44sthlm\/"]}]}},"jetpack_sharing_enabled":true,"jetpack_shortlink":"https:\/\/wp.me\/Pa6ks6-aKn","_links":{"self":[{"href":"https:\/\/studio44-stockholm.com\/en\/wp-json\/wp\/v2\/pages\/41315","targetHints":{"allow":["GET"]}}],"collection":[{"href":"https:\/\/studio44-stockholm.com\/en\/wp-json\/wp\/v2\/pages"}],"about":[{"href":"https:\/\/studio44-stockholm.com\/en\/wp-json\/wp\/v2\/types\/page"}],"author":[{"embeddable":true,"href":"https:\/\/studio44-stockholm.com\/en\/wp-json\/wp\/v2\/users\/54"}],"replies":[{"embeddable":true,"href":"https:\/\/studio44-stockholm.com\/en\/wp-json\/wp\/v2\/comments?post=41315"}],"version-history":[{"count":1,"href":"https:\/\/studio44-stockholm.com\/en\/wp-json\/wp\/v2\/pages\/41315\/revisions"}],"predecessor-version":[{"id":41316,"href":"https:\/\/studio44-stockholm.com\/en\/wp-json\/wp\/v2\/pages\/41315\/revisions\/41316"}],"wp:attachment":[{"href":"https:\/\/studio44-stockholm.com\/en\/wp-json\/wp\/v2\/media?parent=41315"}],"curies":[{"name":"wp","href":"https:\/\/api.w.org\/{rel}","templated":true}]}}