{"id":34532,"date":"2023-11-25T23:59:11","date_gmt":"2023-11-25T22:59:11","guid":{"rendered":"https:\/\/studio44-stockholm.com\/exhibitions\/exhibitions-2024\/zu-drift\/"},"modified":"2024-02-10T04:29:12","modified_gmt":"2024-02-10T03:29:12","slug":"zu-dritt","status":"publish","type":"page","link":"https:\/\/studio44-stockholm.com\/en\/exhibitions\/exhibitions-2024\/zu-dritt\/","title":{"rendered":"zu Dritt"},"content":{"rendered":"<div class=\"fusion-fullwidth fullwidth-box fusion-builder-row-1 hundred-percent-fullwidth non-hundred-percent-height-scrolling\" style=\"--awb-border-radius-top-left:0px;--awb-border-radius-top-right:0px;--awb-border-radius-bottom-right:0px;--awb-border-radius-bottom-left:0px;--awb-flex-wrap:wrap;\" ><div class=\"fusion-builder-row fusion-row\"><div class=\"fusion-layout-column fusion_builder_column fusion-builder-column-0 fusion_builder_column_2_3 2_3 fusion-two-third fusion-column-first fusion-column-no-min-height\" style=\"--awb-padding-right:20px;--awb-bg-size:cover;--awb-border-color:#333333;--awb-border-top:0;--awb-border-right:1px;--awb-border-bottom:0;--awb-border-left:0;--awb-border-style:solid;width:66.666666666667%;width:calc(66.666666666667% - ( ( NO ) * 0.66666666666667 ) );margin-right: ;\"><div class=\"fusion-column-wrapper fusion-column-has-shadow fusion-flex-column-wrapper-legacy\"><div class=\"fusion-title title fusion-title-1 fusion-sep-none fusion-title-text fusion-title-size-one\"><h1 class=\"fusion-title-heading title-heading-left fusion-responsive-typography-calculated\" style=\"margin:0;--fontSize:32;line-height:1.45;\"><h1 style=\"text-align: center;\">zu Dritt<\/h1><\/h1><\/div><div class=\"fusion-sep-clear\"><\/div><div class=\"fusion-separator fusion-full-width-sep\" style=\"margin-left: auto;margin-right: auto;margin-top:10px;margin-bottom:10px;width:100%;\"><\/div><div class=\"fusion-sep-clear\"><\/div><div class=\"fusion-image-element fusion-image-align-center in-legacy-container\" style=\"text-align:center;--awb-caption-title-font-family:var(--h2_typography-font-family);--awb-caption-title-font-weight:var(--h2_typography-font-weight);--awb-caption-title-font-style:var(--h2_typography-font-style);--awb-caption-title-size:var(--h2_typography-font-size);--awb-caption-title-transform:var(--h2_typography-text-transform);--awb-caption-title-line-height:var(--h2_typography-line-height);--awb-caption-title-letter-spacing:var(--h2_typography-letter-spacing);\"><div class=\"imageframe-align-center\"><span class=\" fusion-imageframe imageframe-dropshadow imageframe-1 hover-type-none\" style=\"-webkit-box-shadow: 7px 7px 11px rgba(0,0,0,0.3);box-shadow: 7px 7px 11px rgba(0,0,0,0.3);\"><img decoding=\"async\" width=\"1280\" height=\"908\" alt=\"zu Dritt at Studio44\" title=\"zu Dritt\" src=\"https:\/\/studio44-stockholm.com\/wp-content\/uploads\/2023\/12\/unnamed.jpg\" class=\"img-responsive wp-image-34644\" srcset=\"https:\/\/studio44-stockholm.com\/wp-content\/uploads\/2023\/12\/unnamed-200x142.jpg 200w, https:\/\/studio44-stockholm.com\/wp-content\/uploads\/2023\/12\/unnamed-400x284.jpg 400w, https:\/\/studio44-stockholm.com\/wp-content\/uploads\/2023\/12\/unnamed-600x426.jpg 600w, https:\/\/studio44-stockholm.com\/wp-content\/uploads\/2023\/12\/unnamed-800x568.jpg 800w, https:\/\/studio44-stockholm.com\/wp-content\/uploads\/2023\/12\/unnamed-1200x851.jpg 1200w, https:\/\/studio44-stockholm.com\/wp-content\/uploads\/2023\/12\/unnamed.jpg 1280w\" sizes=\"(max-width: 800px) 100vw, 1200px\" \/><\/span><\/div><\/div><div class=\"fusion-sep-clear\"><\/div><div class=\"fusion-separator fusion-full-width-sep\" style=\"margin-left: auto;margin-right: auto;margin-top:10px;margin-bottom:10px;width:100%;\"><\/div><div class=\"fusion-sep-clear\"><\/div><div class=\"fusion-text fusion-text-1\"><p style=\"text-align: center;\"><iframe src=\"https:\/\/kuula.co\/share\/collection\/7XBVv?logo=1&amp;info=1&amp;fs=1&amp;vr=1&amp;zoom=1&amp;initload=0&amp;thumbs=1\" width=\"100%\" height=\"640\" frameborder=\"0\" scrolling=\"no\" allowfullscreen=\"allowfullscreen\"><\/iframe><\/p>\n<\/div><div class=\"fusion-sep-clear\"><\/div><div class=\"fusion-separator fusion-full-width-sep\" style=\"margin-left: auto;margin-right: auto;margin-top:10px;margin-bottom:10px;width:100%;\"><\/div><div class=\"fusion-sep-clear\"><\/div><div class=\"fusion-text fusion-text-2\"><a href=\"https:\/\/studio44-stockholm.com\/wp-content\/uploads\/2024\/01\/Omkonst-Sevart-pa-Sodermalm-Stockholm-januari-2024.pdf\" class=\"pdfemb-viewer\" style=\"\" data-width=\"max\" data-height=\"max\" data-toolbar=\"bottom\" data-toolbar-fixed=\"off\">Omkonst - Sev\u00e4rt p\u00e5 S\u00f6dermalm, Stockholm januari 2024<\/a>\n<\/div><div class=\"fusion-clearfix\"><\/div><\/div><\/div><div class=\"fusion-layout-column fusion_builder_column fusion-builder-column-1 fusion_builder_column_1_3 1_3 fusion-one-third fusion-column-last\" style=\"--awb-padding-left:20px;--awb-bg-size:cover;width:33.333333333333%;width:calc(33.333333333333% - ( ( NO ) * 0.33333333333333 ) );\"><div class=\"fusion-column-wrapper fusion-column-has-shadow fusion-flex-column-wrapper-legacy\"><div class=\"fusion-image-element fusion-image-align-center in-legacy-container\" style=\"text-align:center;--awb-caption-title-font-family:var(--h2_typography-font-family);--awb-caption-title-font-weight:var(--h2_typography-font-weight);--awb-caption-title-font-style:var(--h2_typography-font-style);--awb-caption-title-size:var(--h2_typography-font-size);--awb-caption-title-transform:var(--h2_typography-text-transform);--awb-caption-title-line-height:var(--h2_typography-line-height);--awb-caption-title-letter-spacing:var(--h2_typography-letter-spacing);\"><div class=\"imageframe-align-center\"><span class=\" fusion-imageframe imageframe-dropshadow imageframe-2 hover-type-none\" style=\"-webkit-box-shadow: 7px 7px 11px rgba(0,0,0,0.3);box-shadow: 7px 7px 11px rgba(0,0,0,0.3);\"><img decoding=\"async\" width=\"309\" height=\"90\" title=\"Rityta 2@2x\" src=\"https:\/\/studio44-stockholm.com\/wp-content\/uploads\/2021\/05\/Rityta-2@2x.png\" alt class=\"img-responsive wp-image-19272\" srcset=\"https:\/\/studio44-stockholm.com\/wp-content\/uploads\/2021\/05\/Rityta-2@2x-200x58.png 200w, https:\/\/studio44-stockholm.com\/wp-content\/uploads\/2021\/05\/Rityta-2@2x.png 309w\" sizes=\"(max-width: 800px) 100vw, 309px\" \/><\/span><\/div><\/div><div class=\"fusion-title title fusion-title-2 fusion-sep-none fusion-title-text fusion-title-size-two\"><h2 class=\"fusion-title-heading title-heading-left fusion-responsive-typography-calculated\" style=\"margin:0;--fontSize:28;line-height:1.5;\"><h3 style=\"text-align: left;\">The Gallery<\/h3>\n<p style=\"text-align: left;\"><strong>12 \u2013 28 January 2024<\/strong><\/p><\/h2><\/div><div class=\"fusion-title title fusion-title-3 fusion-sep-none fusion-title-text fusion-title-size-two\"><h2 class=\"fusion-title-heading title-heading-left fusion-responsive-typography-calculated\" style=\"margin:0;--fontSize:28;line-height:1.5;\"><h4 style=\"text-align: left;\">Christa Gather<br \/>\nVanja Gyllensk\u00f6ld<br \/>\nSusanna Salifou Nygren<\/h4><\/h2><\/div><div class=\"fusion-sep-clear\"><\/div><div class=\"fusion-separator fusion-full-width-sep\" style=\"margin-left: auto;margin-right: auto;margin-top:10px;margin-bottom:10px;width:100%;\"><\/div><div class=\"fusion-sep-clear\"><\/div><div class=\"fusion-text fusion-text-3\"><p style=\"font-weight: 400;\"><strong>zu Dritt\u00a0<\/strong><\/p>\n<p style=\"font-weight: 400;\">During our art education in the 90s in Gothenburg and D\u00fcsseldorf, my fellow students were important. Christa Gather and Susanna Salifou Nygren have never met each other and are active in different countries. I still keep in touch with both and see an alliance between us in our art. See you now at Studio 44, three together, zu Dritt.<\/p>\n<p style=\"font-weight: 400;\">(In German):<\/p>\n<p style=\"font-weight: 400;\"><strong>zu Dritt\u00a0<\/strong><\/p>\n<p style=\"font-weight: 400;\">W\u00e4hrend unserer Kunststudiums in G\u00f6teborg und D\u00fcsseldorf in die Neunzigerjahren waren die andere Schulkameraden wichtige.\u00a0Christa Gather und Susanna Salifou Nygren sind sich noch nie begegnet und sind aktiv in verschiedenen L\u00e4ndern. Ich habe noch Kontakt mit die beiden und sehe eine Verbundenheit zwischen uns drei in der Kunst wir machen. Wir treffen jetzt aufeinander in Studio 44, zu Dritt, drei gemeinsam.<\/p>\n<\/div><div class=\"fusion-sep-clear\"><\/div><div class=\"fusion-separator fusion-full-width-sep\" style=\"margin-left: auto;margin-right: auto;margin-top:10px;margin-bottom:10px;width:100%;\"><\/div><div class=\"fusion-sep-clear\"><\/div><div class=\"fusion-title title fusion-title-4 fusion-sep-none fusion-title-text fusion-title-size-one\"><h1 class=\"fusion-title-heading title-heading-left fusion-responsive-typography-calculated\" style=\"margin:0;--fontSize:32;line-height:1.45;\"><h2 style=\"text-align: center;\">PRESS<\/h2><\/h1><\/div><ul style=\"--awb-line-height:23.8px;--awb-icon-width:23.8px;--awb-icon-height:23.8px;--awb-icon-margin:9.8px;--awb-content-margin:33.6px;--awb-circlecolor:#ff9800;--awb-circle-yes-font-size:12.32px;\" class=\"fusion-checklist fusion-checklist-1 fusion-checklist-default type-icons\"><li class=\"fusion-li-item\" style=\"\"><span class=\"icon-wrapper circle-yes\"><i class=\"fusion-li-icon awb-icon-check\" aria-hidden=\"true\"><\/i><\/span><div class=\"fusion-li-item-content\">\n<p><a href=\"https:\/\/www.omkonst.se\/24-sevart-pa-sodermalm.shtml\" target=\"_blank\" rel=\"noopener\">OMKONST 24-01-23<\/a><\/p>\n<\/div><\/li><\/ul><div class=\"fusion-clearfix\"><\/div><\/div><\/div><\/div><\/div>\n","protected":false},"excerpt":{"rendered":"","protected":false},"author":50,"featured_media":0,"parent":34424,"menu_order":0,"comment_status":"closed","ping_status":"closed","template":"","meta":{"jetpack_post_was_ever_published":false,"footnotes":""},"class_list":["post-34532","page","type-page","status-publish","hentry"],"yoast_head":"<!-- This site is optimized with the Yoast SEO plugin v27.4 - https:\/\/yoast.com\/product\/yoast-seo-wordpress\/ -->\n<title>zu Dritt - Studio 44 Stockholm<\/title>\n<meta name=\"robots\" content=\"index, follow, max-snippet:-1, max-image-preview:large, max-video-preview:-1\" \/>\n<link rel=\"canonical\" href=\"https:\/\/studio44-stockholm.com\/en\/exhibitions\/exhibitions-2024\/zu-dritt\/\" \/>\n<meta property=\"og:locale\" content=\"en_US\" \/>\n<meta property=\"og:type\" content=\"article\" \/>\n<meta property=\"og:title\" content=\"zu Dritt - Studio 44 Stockholm\" \/>\n<meta property=\"og:url\" content=\"https:\/\/studio44-stockholm.com\/en\/exhibitions\/exhibitions-2024\/zu-dritt\/\" \/>\n<meta property=\"og:site_name\" content=\"Studio 44 Stockholm\" \/>\n<meta property=\"article:publisher\" content=\"https:\/\/www.facebook.com\/studio44stockholm\" \/>\n<meta property=\"article:modified_time\" content=\"2024-02-10T03:29:12+00:00\" \/>\n<meta name=\"twitter:card\" content=\"summary_large_image\" \/>\n<meta name=\"twitter:label1\" content=\"Est. reading time\" \/>\n\t<meta name=\"twitter:data1\" content=\"2 minutes\" \/>\n<script type=\"application\/ld+json\" class=\"yoast-schema-graph\">{\"@context\":\"https:\\\/\\\/schema.org\",\"@graph\":[{\"@type\":\"WebPage\",\"@id\":\"https:\\\/\\\/studio44-stockholm.com\\\/en\\\/exhibitions\\\/exhibitions-2024\\\/zu-dritt\\\/\",\"url\":\"https:\\\/\\\/studio44-stockholm.com\\\/en\\\/exhibitions\\\/exhibitions-2024\\\/zu-dritt\\\/\",\"name\":\"zu Dritt - Studio 44 Stockholm\",\"isPartOf\":{\"@id\":\"https:\\\/\\\/studio44-stockholm.com\\\/en\\\/#website\"},\"datePublished\":\"2023-11-25T22:59:11+00:00\",\"dateModified\":\"2024-02-10T03:29:12+00:00\",\"breadcrumb\":{\"@id\":\"https:\\\/\\\/studio44-stockholm.com\\\/en\\\/exhibitions\\\/exhibitions-2024\\\/zu-dritt\\\/#breadcrumb\"},\"inLanguage\":\"en-US\",\"potentialAction\":[{\"@type\":\"ReadAction\",\"target\":[\"https:\\\/\\\/studio44-stockholm.com\\\/en\\\/exhibitions\\\/exhibitions-2024\\\/zu-dritt\\\/\"]}]},{\"@type\":\"BreadcrumbList\",\"@id\":\"https:\\\/\\\/studio44-stockholm.com\\\/en\\\/exhibitions\\\/exhibitions-2024\\\/zu-dritt\\\/#breadcrumb\",\"itemListElement\":[{\"@type\":\"ListItem\",\"position\":1,\"name\":\"Hem\",\"item\":\"https:\\\/\\\/studio44-stockholm.com\\\/en\\\/\"},{\"@type\":\"ListItem\",\"position\":2,\"name\":\"Exhibitions\",\"item\":\"https:\\\/\\\/studio44-stockholm.com\\\/en\\\/exhibitions\\\/\"},{\"@type\":\"ListItem\",\"position\":3,\"name\":\"Exhibitions 2024\",\"item\":\"https:\\\/\\\/studio44-stockholm.com\\\/en\\\/exhibitions\\\/exhibitions-2024\\\/\"},{\"@type\":\"ListItem\",\"position\":4,\"name\":\"zu Dritt\"}]},{\"@type\":\"WebSite\",\"@id\":\"https:\\\/\\\/studio44-stockholm.com\\\/en\\\/#website\",\"url\":\"https:\\\/\\\/studio44-stockholm.com\\\/en\\\/\",\"name\":\"Studio 44 Stockholm\",\"description\":\"Studio 44, artist-run gallery in Stockholm\",\"publisher\":{\"@id\":\"https:\\\/\\\/studio44-stockholm.com\\\/en\\\/#organization\"},\"potentialAction\":[{\"@type\":\"SearchAction\",\"target\":{\"@type\":\"EntryPoint\",\"urlTemplate\":\"https:\\\/\\\/studio44-stockholm.com\\\/en\\\/?s={search_term_string}\"},\"query-input\":{\"@type\":\"PropertyValueSpecification\",\"valueRequired\":true,\"valueName\":\"search_term_string\"}}],\"inLanguage\":\"en-US\"},{\"@type\":\"Organization\",\"@id\":\"https:\\\/\\\/studio44-stockholm.com\\\/en\\\/#organization\",\"name\":\"Studio 44 Stockholm\",\"url\":\"https:\\\/\\\/studio44-stockholm.com\\\/en\\\/\",\"logo\":{\"@type\":\"ImageObject\",\"inLanguage\":\"en-US\",\"@id\":\"https:\\\/\\\/studio44-stockholm.com\\\/en\\\/#\\\/schema\\\/logo\\\/image\\\/\",\"url\":\"https:\\\/\\\/studio44-stockholm.com\\\/wp-content\\\/uploads\\\/2021\\\/04\\\/studio44.jpg\",\"contentUrl\":\"https:\\\/\\\/studio44-stockholm.com\\\/wp-content\\\/uploads\\\/2021\\\/04\\\/studio44.jpg\",\"width\":300,\"height\":76,\"caption\":\"Studio 44 Stockholm\"},\"image\":{\"@id\":\"https:\\\/\\\/studio44-stockholm.com\\\/en\\\/#\\\/schema\\\/logo\\\/image\\\/\"},\"sameAs\":[\"https:\\\/\\\/www.facebook.com\\\/studio44stockholm\",\"https:\\\/\\\/www.youtube.com\\\/@studio44stockholm10\",\"https:\\\/\\\/www.instagram.com\\\/studio44sthlm\\\/\"]}]}<\/script>\n<!-- \/ Yoast SEO plugin. -->","yoast_head_json":{"title":"zu Dritt - Studio 44 Stockholm","robots":{"index":"index","follow":"follow","max-snippet":"max-snippet:-1","max-image-preview":"max-image-preview:large","max-video-preview":"max-video-preview:-1"},"canonical":"https:\/\/studio44-stockholm.com\/en\/exhibitions\/exhibitions-2024\/zu-dritt\/","og_locale":"en_US","og_type":"article","og_title":"zu Dritt - Studio 44 Stockholm","og_url":"https:\/\/studio44-stockholm.com\/en\/exhibitions\/exhibitions-2024\/zu-dritt\/","og_site_name":"Studio 44 Stockholm","article_publisher":"https:\/\/www.facebook.com\/studio44stockholm","article_modified_time":"2024-02-10T03:29:12+00:00","twitter_card":"summary_large_image","twitter_misc":{"Est. reading time":"2 minutes"},"schema":{"@context":"https:\/\/schema.org","@graph":[{"@type":"WebPage","@id":"https:\/\/studio44-stockholm.com\/en\/exhibitions\/exhibitions-2024\/zu-dritt\/","url":"https:\/\/studio44-stockholm.com\/en\/exhibitions\/exhibitions-2024\/zu-dritt\/","name":"zu Dritt - Studio 44 Stockholm","isPartOf":{"@id":"https:\/\/studio44-stockholm.com\/en\/#website"},"datePublished":"2023-11-25T22:59:11+00:00","dateModified":"2024-02-10T03:29:12+00:00","breadcrumb":{"@id":"https:\/\/studio44-stockholm.com\/en\/exhibitions\/exhibitions-2024\/zu-dritt\/#breadcrumb"},"inLanguage":"en-US","potentialAction":[{"@type":"ReadAction","target":["https:\/\/studio44-stockholm.com\/en\/exhibitions\/exhibitions-2024\/zu-dritt\/"]}]},{"@type":"BreadcrumbList","@id":"https:\/\/studio44-stockholm.com\/en\/exhibitions\/exhibitions-2024\/zu-dritt\/#breadcrumb","itemListElement":[{"@type":"ListItem","position":1,"name":"Hem","item":"https:\/\/studio44-stockholm.com\/en\/"},{"@type":"ListItem","position":2,"name":"Exhibitions","item":"https:\/\/studio44-stockholm.com\/en\/exhibitions\/"},{"@type":"ListItem","position":3,"name":"Exhibitions 2024","item":"https:\/\/studio44-stockholm.com\/en\/exhibitions\/exhibitions-2024\/"},{"@type":"ListItem","position":4,"name":"zu Dritt"}]},{"@type":"WebSite","@id":"https:\/\/studio44-stockholm.com\/en\/#website","url":"https:\/\/studio44-stockholm.com\/en\/","name":"Studio 44 Stockholm","description":"Studio 44, artist-run gallery in Stockholm","publisher":{"@id":"https:\/\/studio44-stockholm.com\/en\/#organization"},"potentialAction":[{"@type":"SearchAction","target":{"@type":"EntryPoint","urlTemplate":"https:\/\/studio44-stockholm.com\/en\/?s={search_term_string}"},"query-input":{"@type":"PropertyValueSpecification","valueRequired":true,"valueName":"search_term_string"}}],"inLanguage":"en-US"},{"@type":"Organization","@id":"https:\/\/studio44-stockholm.com\/en\/#organization","name":"Studio 44 Stockholm","url":"https:\/\/studio44-stockholm.com\/en\/","logo":{"@type":"ImageObject","inLanguage":"en-US","@id":"https:\/\/studio44-stockholm.com\/en\/#\/schema\/logo\/image\/","url":"https:\/\/studio44-stockholm.com\/wp-content\/uploads\/2021\/04\/studio44.jpg","contentUrl":"https:\/\/studio44-stockholm.com\/wp-content\/uploads\/2021\/04\/studio44.jpg","width":300,"height":76,"caption":"Studio 44 Stockholm"},"image":{"@id":"https:\/\/studio44-stockholm.com\/en\/#\/schema\/logo\/image\/"},"sameAs":["https:\/\/www.facebook.com\/studio44stockholm","https:\/\/www.youtube.com\/@studio44stockholm10","https:\/\/www.instagram.com\/studio44sthlm\/"]}]}},"jetpack_sharing_enabled":true,"jetpack_shortlink":"https:\/\/wp.me\/Pa6ks6-8YY","_links":{"self":[{"href":"https:\/\/studio44-stockholm.com\/en\/wp-json\/wp\/v2\/pages\/34532","targetHints":{"allow":["GET"]}}],"collection":[{"href":"https:\/\/studio44-stockholm.com\/en\/wp-json\/wp\/v2\/pages"}],"about":[{"href":"https:\/\/studio44-stockholm.com\/en\/wp-json\/wp\/v2\/types\/page"}],"author":[{"embeddable":true,"href":"https:\/\/studio44-stockholm.com\/en\/wp-json\/wp\/v2\/users\/50"}],"replies":[{"embeddable":true,"href":"https:\/\/studio44-stockholm.com\/en\/wp-json\/wp\/v2\/comments?post=34532"}],"version-history":[{"count":7,"href":"https:\/\/studio44-stockholm.com\/en\/wp-json\/wp\/v2\/pages\/34532\/revisions"}],"predecessor-version":[{"id":35229,"href":"https:\/\/studio44-stockholm.com\/en\/wp-json\/wp\/v2\/pages\/34532\/revisions\/35229"}],"up":[{"embeddable":true,"href":"https:\/\/studio44-stockholm.com\/en\/wp-json\/wp\/v2\/pages\/34424"}],"wp:attachment":[{"href":"https:\/\/studio44-stockholm.com\/en\/wp-json\/wp\/v2\/media?parent=34532"}],"curies":[{"name":"wp","href":"https:\/\/api.w.org\/{rel}","templated":true}]}}