{"id":34427,"date":"2018-03-10T07:46:14","date_gmt":"2018-03-10T06:46:14","guid":{"rendered":"https:\/\/studio44-stockholm.com\/arkiv\/utstallningar-2004\/"},"modified":"2018-03-10T07:46:14","modified_gmt":"2018-03-10T06:46:14","slug":"utstallningar-2004","status":"publish","type":"page","link":"https:\/\/studio44-stockholm.com\/en\/arkiv\/utstallningar-2004\/","title":{"rendered":"Utst\u00e4llningar 2004"},"content":{"rendered":"<p><div class=\"fusion-fullwidth fullwidth-box fusion-builder-row-1 fusion-flex-container has-pattern-background has-mask-background nonhundred-percent-fullwidth non-hundred-percent-height-scrolling\" style=\"--awb-border-radius-top-left:0px;--awb-border-radius-top-right:0px;--awb-border-radius-bottom-right:0px;--awb-border-radius-bottom-left:0px;--awb-flex-wrap:wrap;\" ><div class=\"fusion-builder-row fusion-row fusion-flex-align-items-flex-start fusion-flex-content-wrap\" style=\"max-width:1352px;margin-left: calc(-4% \/ 2 );margin-right: calc(-4% \/ 2 );\"><div class=\"fusion-layout-column fusion_builder_column fusion-builder-column-0 fusion_builder_column_1_1 1_1 fusion-flex-column\" style=\"--awb-bg-size:cover;--awb-width-large:100%;--awb-margin-top-large:0px;--awb-spacing-right-large:1.92%;--awb-margin-bottom-large:20px;--awb-spacing-left-large:1.92%;--awb-width-medium:100%;--awb-order-medium:0;--awb-spacing-right-medium:1.92%;--awb-spacing-left-medium:1.92%;--awb-width-small:100%;--awb-order-small:0;--awb-spacing-right-small:1.92%;--awb-spacing-left-small:1.92%;\"><div class=\"fusion-column-wrapper fusion-column-has-shadow fusion-flex-justify-content-flex-start fusion-content-layout-column\"><div class=\"fusion-title title fusion-title-1 fusion-sep-none fusion-title-text fusion-title-size-one\"><h1 class=\"fusion-title-heading title-heading-left fusion-responsive-typography-calculated\" style=\"margin:0;--fontSize:32;line-height:1.45;\"><h1 style=\"text-align: center;\">Utst\u00e4llingar 2004<\/h1><\/h1><\/div><\/div><\/div><\/div><\/div><div class=\"fusion-fullwidth fullwidth-box fusion-builder-row-2 fusion-flex-container has-pattern-background has-mask-background nonhundred-percent-fullwidth non-hundred-percent-height-scrolling\" style=\"--awb-border-radius-top-left:0px;--awb-border-radius-top-right:0px;--awb-border-radius-bottom-right:0px;--awb-border-radius-bottom-left:0px;--awb-flex-wrap:wrap;\" ><div class=\"fusion-builder-row fusion-row fusion-flex-align-items-flex-start fusion-flex-content-wrap\" style=\"max-width:1352px;margin-left: calc(-4% \/ 2 );margin-right: calc(-4% \/ 2 );\"><div class=\"fusion-layout-column fusion_builder_column fusion-builder-column-1 fusion_builder_column_4_5 4_5 fusion-flex-column\" style=\"--awb-bg-size:cover;--awb-width-large:80%;--awb-margin-top-large:0px;--awb-spacing-right-large:2.4%;--awb-margin-bottom-large:20px;--awb-spacing-left-large:2.4%;--awb-width-medium:100%;--awb-order-medium:0;--awb-spacing-right-medium:1.92%;--awb-spacing-left-medium:1.92%;--awb-width-small:100%;--awb-order-small:0;--awb-spacing-right-small:1.92%;--awb-spacing-left-small:1.92%;\"><div class=\"fusion-column-wrapper fusion-column-has-shadow fusion-flex-justify-content-flex-start fusion-content-layout-column\"><div class=\"fusion-text fusion-text-1\"><h3 style=\"text-align: center;\">20 november &#8211; 5 december<\/h3>\n<\/div><div class=\"fusion-image-element \" style=\"text-align:center;--awb-caption-title-font-family:var(--h2_typography-font-family);--awb-caption-title-font-weight:var(--h2_typography-font-weight);--awb-caption-title-font-style:var(--h2_typography-font-style);--awb-caption-title-size:var(--h2_typography-font-size);--awb-caption-title-transform:var(--h2_typography-text-transform);--awb-caption-title-line-height:var(--h2_typography-line-height);--awb-caption-title-letter-spacing:var(--h2_typography-letter-spacing);\"><span class=\" fusion-imageframe imageframe-dropshadow imageframe-1 hover-type-zoomin\" style=\"-webkit-box-shadow: 7px 7px 11px rgba(0,0,0,0.3);box-shadow: 7px 7px 11px rgba(0,0,0,0.3);\"><a class=\"fusion-no-lightbox\" href=\"https:\/\/studio44-stockholm.com\/arkiv\/utstallningar-2004\/sjukdom\/\" target=\"_self\" aria-label=\"storbild1\"><img decoding=\"async\" width=\"300\" height=\"298\" src=\"https:\/\/studio44-stockholm.com\/wp-content\/uploads\/2021\/09\/storbild1-300x298.gif\" alt class=\"img-responsive wp-image-25057\" srcset=\"https:\/\/studio44-stockholm.com\/wp-content\/uploads\/2021\/09\/storbild1-200x199.gif 200w, https:\/\/studio44-stockholm.com\/wp-content\/uploads\/2021\/09\/storbild1-400x398.gif 400w\" sizes=\"(max-width: 1024px) 100vw, (max-width: 640px) 100vw, 300px\" \/><\/a><\/span><\/div><div class=\"fusion-text fusion-text-2\"><h4 style=\"text-align: center;\"><a href=\"https:\/\/studio44-stockholm.com\/arkiv\/utstallningar-2004\/sjukdom\/\">SJUKDOM<\/a><\/h4>\n<p style=\"text-align: center;\">Leif Elggren, Carin Ellberg, Yngve R\u00e5dberg, Sten Hansson, Cristian Cavalin, Tilda Lovell, Per Nicklasson, Amalia \u00c5hrfeldt, Helena Mutan, Peter Swedberg, Stina\u00a0 Stigell, Daniel Rosentahl, Cristian Rieloff, Nongkran Panmankgol, Hanna Beling, Petter Telje F\u00e5gelpingis, Helena Boberg, elever fr\u00e5n Kungl. Konsth\u00f6gskolan<\/p>\n<\/div><div class=\"fusion-text fusion-text-3\"><h3 style=\"text-align: center;\">30 oktober &#8211; 14 november<\/h3>\n<\/div><div class=\"fusion-image-element \" style=\"text-align:center;--awb-caption-title-font-family:var(--h2_typography-font-family);--awb-caption-title-font-weight:var(--h2_typography-font-weight);--awb-caption-title-font-style:var(--h2_typography-font-style);--awb-caption-title-size:var(--h2_typography-font-size);--awb-caption-title-transform:var(--h2_typography-text-transform);--awb-caption-title-line-height:var(--h2_typography-line-height);--awb-caption-title-letter-spacing:var(--h2_typography-letter-spacing);\"><span class=\" fusion-imageframe imageframe-dropshadow imageframe-2 hover-type-zoomin\" style=\"-webkit-box-shadow: 7px 7px 11px rgba(0,0,0,0.3);box-shadow: 7px 7px 11px rgba(0,0,0,0.3);\"><a class=\"fusion-no-lightbox\" href=\"https:\/\/studio44-stockholm.com\/arkiv\/utstallningar-2004\/rasmus-kjellberg-maria-luostarinen-david-scarff-carl-nystrom\/\" target=\"_self\" aria-label=\"021\"><img decoding=\"async\" width=\"300\" height=\"300\" src=\"https:\/\/studio44-stockholm.com\/wp-content\/uploads\/2021\/09\/021-300x300.jpg\" alt class=\"img-responsive wp-image-25071\" srcset=\"https:\/\/studio44-stockholm.com\/wp-content\/uploads\/2021\/09\/021-200x200.jpg 200w, https:\/\/studio44-stockholm.com\/wp-content\/uploads\/2021\/09\/021-400x400.jpg 400w, https:\/\/studio44-stockholm.com\/wp-content\/uploads\/2021\/09\/021-600x600.jpg 600w, https:\/\/studio44-stockholm.com\/wp-content\/uploads\/2021\/09\/021-800x800.jpg 800w, https:\/\/studio44-stockholm.com\/wp-content\/uploads\/2021\/09\/021.jpg 1200w\" sizes=\"(max-width: 1024px) 100vw, (max-width: 640px) 100vw, 300px\" \/><\/a><\/span><\/div><div class=\"fusion-text fusion-text-4\"><h4 class=\"fusion-responsive-typography-calculated\" style=\"text-align: center;\" data-fontsize=\"20\" data-lineheight=\"22px\"><a href=\"https:\/\/studio44-stockholm.com\/arkiv\/utstallningar-2004\/rasmus-kjellberg-maria-luostarinen-david-scarff-carl-nystrom\/\">Rasmus Kjellberg, Maria Luostarinen, David Scarff, Carl Nystr\u00f6m<\/a><\/h4>\n<\/div><div class=\"fusion-text fusion-text-5\"><h3 style=\"text-align: center;\">9 &#8211; 24 oktober<\/h3>\n<\/div><div class=\"fusion-image-element \" style=\"text-align:center;--awb-caption-title-font-family:var(--h2_typography-font-family);--awb-caption-title-font-weight:var(--h2_typography-font-weight);--awb-caption-title-font-style:var(--h2_typography-font-style);--awb-caption-title-size:var(--h2_typography-font-size);--awb-caption-title-transform:var(--h2_typography-text-transform);--awb-caption-title-line-height:var(--h2_typography-line-height);--awb-caption-title-letter-spacing:var(--h2_typography-letter-spacing);\"><span class=\" fusion-imageframe imageframe-dropshadow imageframe-3 hover-type-zoomin\" style=\"-webkit-box-shadow: 7px 7px 11px rgba(0,0,0,0.3);box-shadow: 7px 7px 11px rgba(0,0,0,0.3);\"><a class=\"fusion-no-lightbox\" href=\"https:\/\/studio44-stockholm.com\/arkiv\/utstallningar-2004\/christina-berglund-tommy-ericson-monika-masser-stefan-johansson\/\" target=\"_self\" aria-label=\"te_wlak_on_0\"><img decoding=\"async\" width=\"300\" height=\"224\" src=\"https:\/\/studio44-stockholm.com\/wp-content\/uploads\/2021\/09\/te_wlak_on_0-300x224.jpg\" alt class=\"img-responsive wp-image-25086\" srcset=\"https:\/\/studio44-stockholm.com\/wp-content\/uploads\/2021\/09\/te_wlak_on_0-200x150.jpg 200w, https:\/\/studio44-stockholm.com\/wp-content\/uploads\/2021\/09\/te_wlak_on_0-400x299.jpg 400w, https:\/\/studio44-stockholm.com\/wp-content\/uploads\/2021\/09\/te_wlak_on_0.jpg 425w\" sizes=\"(max-width: 1024px) 100vw, (max-width: 640px) 100vw, 300px\" \/><\/a><\/span><\/div><div class=\"fusion-text fusion-text-6\"><h4 class=\"fusion-responsive-typography-calculated\" style=\"text-align: center;\" data-fontsize=\"20\" data-lineheight=\"22px\"><a href=\"https:\/\/studio44-stockholm.com\/arkiv\/utstallningar-2004\/christina-berglund-tommy-ericson-monika-masser-stefan-johansson\/\">Christina Berglund, Tommy Ericson, Monika Masser, Stefan Johansson<\/a><\/h4>\n<\/div><div class=\"fusion-text fusion-text-7\"><h3 style=\"text-align: center;\">22 maj &#8211; 6 juni<\/h3>\n<\/div><div class=\"fusion-image-element \" style=\"text-align:center;--awb-caption-title-font-family:var(--h2_typography-font-family);--awb-caption-title-font-weight:var(--h2_typography-font-weight);--awb-caption-title-font-style:var(--h2_typography-font-style);--awb-caption-title-size:var(--h2_typography-font-size);--awb-caption-title-transform:var(--h2_typography-text-transform);--awb-caption-title-line-height:var(--h2_typography-line-height);--awb-caption-title-letter-spacing:var(--h2_typography-letter-spacing);\"><span class=\" fusion-imageframe imageframe-dropshadow imageframe-4 hover-type-zoomin\" style=\"-webkit-box-shadow: 7px 7px 11px rgba(0,0,0,0.3);box-shadow: 7px 7px 11px rgba(0,0,0,0.3);\"><a class=\"fusion-no-lightbox\" href=\"https:\/\/studio44-stockholm.com\/arkiv\/utstallningar-2004\/magisterstudenter-konsthogskolan-valand-och-hogskolan-for-fotografi-och-film\/\" target=\"_self\" aria-label=\"magnusson\"><img decoding=\"async\" width=\"300\" height=\"251\" src=\"https:\/\/studio44-stockholm.com\/wp-content\/uploads\/2021\/09\/magnusson-300x251.jpg\" alt class=\"img-responsive wp-image-25092\" srcset=\"https:\/\/studio44-stockholm.com\/wp-content\/uploads\/2021\/09\/magnusson-200x168.jpg 200w, https:\/\/studio44-stockholm.com\/wp-content\/uploads\/2021\/09\/magnusson.jpg 400w\" sizes=\"(max-width: 1024px) 100vw, (max-width: 640px) 100vw, 300px\" \/><\/a><\/span><\/div><div class=\"fusion-text fusion-text-8\"><h4 style=\"text-align: center;\"><a href=\"https:\/\/studio44-stockholm.com\/arkiv\/utstallningar-2004\/magisterstudenter-konsthogskolan-valand-och-hogskolan-for-fotografi-och-film\/\">Magisterstudenter, Konsth\u00f6gskolan Valand och H\u00f6gskolan f\u00f6r Fotografi och Film<\/a><\/h4>\n<p style=\"text-align: center;\">Stas Shuripa, Magnus Petersson, Maurits Ylitalo, Mika Manninen, Johannes Held\u00e9n, Carl Hammoud, Charlotte Karlsson, Aida Vahedeh, Nina Bacos, Ann-Sofi Roxhage, Petter Magnusson, Katarina Elv\u00e9n, Evelina Gustavsson, Sarah Schmidt, Paul Forsberg, Ghardagian Kristian From<\/p>\n<\/div><div class=\"fusion-text fusion-text-9\"><h3 style=\"text-align: center;\">1 &#8211; 16 maj<\/h3>\n<\/div><div class=\"fusion-text fusion-text-10\"><h4 style=\"text-align: center;\">Nongkran Jompo Panmongkol<\/h4>\n<p style=\"text-align: center;\">Stefan Forss<\/p>\n<\/div><div class=\"fusion-text fusion-text-11\"><h3 style=\"text-align: center;\">3 &#8211; 25 april<\/h3>\n<\/div><div class=\"fusion-text fusion-text-12\"><h4 style=\"text-align: center;\">LEKPLATS<\/h4>\n<p style=\"text-align: center;\">Nike Nilsson, Maria Sandstig, Agneta Schmidt<\/p>\n<\/div><div class=\"fusion-text fusion-text-13\"><h3 style=\"text-align: center;\">13 &#8211; 28 mars<\/h3>\n<\/div><div class=\"fusion-text fusion-text-14\"><p style=\"text-align: center;\">Ingela Hamrin, Cecilia Furberg<\/p>\n<\/div><div class=\"fusion-text fusion-text-15\"><h3 style=\"text-align: center;\">21 februari &#8211; 7 mars<\/h3>\n<\/div><div class=\"fusion-text fusion-text-16\"><p style=\"text-align: center;\">Mia Hellekant, Peter Andersson<\/p>\n<\/div><div class=\"fusion-text fusion-text-17\"><h3 style=\"text-align: center;\">31 januari &#8211; 15 februari<\/h3>\n<\/div><div class=\"fusion-text fusion-text-18\"><p style=\"text-align: center;\">Maria Johansson, Tommy Str\u00f6mberg<\/p>\n<\/div><div class=\"fusion-text fusion-text-19\"><h3 style=\"text-align: center;\">10 &#8211; 25 januari<\/h3>\n<\/div><div class=\"fusion-text fusion-text-20\"><p style=\"text-align: center;\">Anna Selander, Malin Mathilda Allberg<\/p>\n<\/div><\/div><\/div><div class=\"fusion-layout-column fusion_builder_column fusion-builder-column-2 fusion_builder_column_1_5 1_5 fusion-flex-column\" style=\"--awb-bg-size:cover;--awb-width-large:20%;--awb-margin-top-large:0px;--awb-spacing-right-large:9.6%;--awb-margin-bottom-large:20px;--awb-spacing-left-large:9.6%;--awb-width-medium:100%;--awb-order-medium:0;--awb-spacing-right-medium:1.92%;--awb-spacing-left-medium:1.92%;--awb-width-small:100%;--awb-order-small:0;--awb-spacing-right-small:1.92%;--awb-spacing-left-small:1.92%;\"><div class=\"fusion-column-wrapper fusion-column-has-shadow fusion-flex-justify-content-flex-start fusion-content-layout-column\"><div class=\"fusion-title title fusion-title-2 fusion-sep-none fusion-title-text fusion-title-size-one\"><h1 class=\"fusion-title-heading title-heading-left fusion-responsive-typography-calculated\" style=\"margin:0;--fontSize:32;line-height:1.45;\"><h2 style=\"text-align: center;\">Medlemmar<\/h2><\/h1><\/div><div class=\"fusion-text fusion-text-21\"><h4>\u00c5ke Arnerdal<br \/>\nHanna Beling<br \/>\nChristina Berglund<br \/>\nChristina Ekstrand<br \/>\nMichael Ellburg<br \/>\nIngrid Eriksson<br \/>\nLotta D\u00f6bling<br \/>\nMatilda Fahlsten<br \/>\nStefan Forss<br \/>\nMattias Fridh<br \/>\nCarina Gunnars<br \/>\nCarin Hildebrand<br \/>\nHelena Hortlund<br \/>\nAndrea Hvistendal<br \/>\nAnders Jansson<br \/>\nKarin Johnson<br \/>\nAnnika Johansson<br \/>\nStefan Johansson<br \/>\nCharlotte J\u00f6nsson<br \/>\nAnna Kindgren<br \/>\nBritta Kjellgren J\u00e4ger<br \/>\n<a href=\"https:\/\/studio44-stockholm.com\/en\/portfolio-items\/monika-masser\/\">Monika Masser<\/a><br \/>\nHarri Monni<br \/>\nPer Nicklasson<br \/>\nLotte Nilsson V\u00e4limaa<br \/>\nLinda Nykopp<br \/>\nBj\u00f6rn Ols\u00e9n<br \/>\nKenneth Pils<br \/>\nPontus Raud<br \/>\nMaria Saveland<br \/>\nJohanna Schartau<br \/>\nAnna Selander<br \/>\nAlexandra Skarp<br \/>\nPeter Wiklund<\/h4>\n<\/div><\/div><\/div><\/div><\/div><\/p>\n","protected":false},"excerpt":{"rendered":"","protected":false},"author":1,"featured_media":0,"parent":30429,"menu_order":0,"comment_status":"closed","ping_status":"closed","template":"","meta":{"jetpack_post_was_ever_published":false,"footnotes":""},"class_list":["post-34427","page","type-page","status-publish","hentry"],"yoast_head":"<!-- This site is optimized with the Yoast SEO plugin v27.3 - https:\/\/yoast.com\/product\/yoast-seo-wordpress\/ -->\n<title>Utst\u00e4llningar 2004 - Studio 44 Stockholm<\/title>\n<meta name=\"robots\" content=\"index, follow, max-snippet:-1, max-image-preview:large, max-video-preview:-1\" \/>\n<link rel=\"canonical\" href=\"https:\/\/studio44-stockholm.com\/en\/arkiv\/utstallningar-2004\/\" \/>\n<meta property=\"og:locale\" content=\"en_US\" \/>\n<meta property=\"og:type\" content=\"article\" \/>\n<meta property=\"og:title\" content=\"Utst\u00e4llningar 2004 - Studio 44 Stockholm\" \/>\n<meta property=\"og:url\" content=\"https:\/\/studio44-stockholm.com\/en\/arkiv\/utstallningar-2004\/\" \/>\n<meta property=\"og:site_name\" content=\"Studio 44 Stockholm\" \/>\n<meta property=\"article:publisher\" content=\"https:\/\/www.facebook.com\/studio44stockholm\" \/>\n<meta name=\"twitter:card\" content=\"summary_large_image\" \/>\n<meta name=\"twitter:label1\" content=\"Est. reading time\" \/>\n\t<meta name=\"twitter:data1\" content=\"25 minutes\" \/>\n<script type=\"application\/ld+json\" class=\"yoast-schema-graph\">{\"@context\":\"https:\\\/\\\/schema.org\",\"@graph\":[{\"@type\":\"WebPage\",\"@id\":\"https:\\\/\\\/studio44-stockholm.com\\\/en\\\/arkiv\\\/utstallningar-2004\\\/\",\"url\":\"https:\\\/\\\/studio44-stockholm.com\\\/en\\\/arkiv\\\/utstallningar-2004\\\/\",\"name\":\"Utst\u00e4llningar 2004 - Studio 44 Stockholm\",\"isPartOf\":{\"@id\":\"https:\\\/\\\/studio44-stockholm.com\\\/en\\\/#website\"},\"datePublished\":\"2018-03-10T06:46:14+00:00\",\"breadcrumb\":{\"@id\":\"https:\\\/\\\/studio44-stockholm.com\\\/en\\\/arkiv\\\/utstallningar-2004\\\/#breadcrumb\"},\"inLanguage\":\"en-US\",\"potentialAction\":[{\"@type\":\"ReadAction\",\"target\":[\"https:\\\/\\\/studio44-stockholm.com\\\/en\\\/arkiv\\\/utstallningar-2004\\\/\"]}]},{\"@type\":\"BreadcrumbList\",\"@id\":\"https:\\\/\\\/studio44-stockholm.com\\\/en\\\/arkiv\\\/utstallningar-2004\\\/#breadcrumb\",\"itemListElement\":[{\"@type\":\"ListItem\",\"position\":1,\"name\":\"Hem\",\"item\":\"https:\\\/\\\/studio44-stockholm.com\\\/en\\\/\"},{\"@type\":\"ListItem\",\"position\":2,\"name\":\"Archive\",\"item\":\"https:\\\/\\\/studio44-stockholm.com\\\/en\\\/arkiv\\\/\"},{\"@type\":\"ListItem\",\"position\":3,\"name\":\"Utst\u00e4llningar 2004\"}]},{\"@type\":\"WebSite\",\"@id\":\"https:\\\/\\\/studio44-stockholm.com\\\/en\\\/#website\",\"url\":\"https:\\\/\\\/studio44-stockholm.com\\\/en\\\/\",\"name\":\"Studio 44 Stockholm\",\"description\":\"Studio 44, artist-run gallery in Stockholm\",\"publisher\":{\"@id\":\"https:\\\/\\\/studio44-stockholm.com\\\/en\\\/#organization\"},\"potentialAction\":[{\"@type\":\"SearchAction\",\"target\":{\"@type\":\"EntryPoint\",\"urlTemplate\":\"https:\\\/\\\/studio44-stockholm.com\\\/en\\\/?s={search_term_string}\"},\"query-input\":{\"@type\":\"PropertyValueSpecification\",\"valueRequired\":true,\"valueName\":\"search_term_string\"}}],\"inLanguage\":\"en-US\"},{\"@type\":\"Organization\",\"@id\":\"https:\\\/\\\/studio44-stockholm.com\\\/en\\\/#organization\",\"name\":\"Studio 44 Stockholm\",\"url\":\"https:\\\/\\\/studio44-stockholm.com\\\/en\\\/\",\"logo\":{\"@type\":\"ImageObject\",\"inLanguage\":\"en-US\",\"@id\":\"https:\\\/\\\/studio44-stockholm.com\\\/en\\\/#\\\/schema\\\/logo\\\/image\\\/\",\"url\":\"https:\\\/\\\/studio44-stockholm.com\\\/wp-content\\\/uploads\\\/2021\\\/04\\\/studio44.jpg\",\"contentUrl\":\"https:\\\/\\\/studio44-stockholm.com\\\/wp-content\\\/uploads\\\/2021\\\/04\\\/studio44.jpg\",\"width\":300,\"height\":76,\"caption\":\"Studio 44 Stockholm\"},\"image\":{\"@id\":\"https:\\\/\\\/studio44-stockholm.com\\\/en\\\/#\\\/schema\\\/logo\\\/image\\\/\"},\"sameAs\":[\"https:\\\/\\\/www.facebook.com\\\/studio44stockholm\",\"https:\\\/\\\/www.youtube.com\\\/@studio44stockholm10\",\"https:\\\/\\\/www.instagram.com\\\/studio44sthlm\\\/\"]}]}<\/script>\n<!-- \/ Yoast SEO plugin. -->","yoast_head_json":{"title":"Utst\u00e4llningar 2004 - Studio 44 Stockholm","robots":{"index":"index","follow":"follow","max-snippet":"max-snippet:-1","max-image-preview":"max-image-preview:large","max-video-preview":"max-video-preview:-1"},"canonical":"https:\/\/studio44-stockholm.com\/en\/arkiv\/utstallningar-2004\/","og_locale":"en_US","og_type":"article","og_title":"Utst\u00e4llningar 2004 - Studio 44 Stockholm","og_url":"https:\/\/studio44-stockholm.com\/en\/arkiv\/utstallningar-2004\/","og_site_name":"Studio 44 Stockholm","article_publisher":"https:\/\/www.facebook.com\/studio44stockholm","twitter_card":"summary_large_image","twitter_misc":{"Est. reading time":"25 minutes"},"schema":{"@context":"https:\/\/schema.org","@graph":[{"@type":"WebPage","@id":"https:\/\/studio44-stockholm.com\/en\/arkiv\/utstallningar-2004\/","url":"https:\/\/studio44-stockholm.com\/en\/arkiv\/utstallningar-2004\/","name":"Utst\u00e4llningar 2004 - Studio 44 Stockholm","isPartOf":{"@id":"https:\/\/studio44-stockholm.com\/en\/#website"},"datePublished":"2018-03-10T06:46:14+00:00","breadcrumb":{"@id":"https:\/\/studio44-stockholm.com\/en\/arkiv\/utstallningar-2004\/#breadcrumb"},"inLanguage":"en-US","potentialAction":[{"@type":"ReadAction","target":["https:\/\/studio44-stockholm.com\/en\/arkiv\/utstallningar-2004\/"]}]},{"@type":"BreadcrumbList","@id":"https:\/\/studio44-stockholm.com\/en\/arkiv\/utstallningar-2004\/#breadcrumb","itemListElement":[{"@type":"ListItem","position":1,"name":"Hem","item":"https:\/\/studio44-stockholm.com\/en\/"},{"@type":"ListItem","position":2,"name":"Archive","item":"https:\/\/studio44-stockholm.com\/en\/arkiv\/"},{"@type":"ListItem","position":3,"name":"Utst\u00e4llningar 2004"}]},{"@type":"WebSite","@id":"https:\/\/studio44-stockholm.com\/en\/#website","url":"https:\/\/studio44-stockholm.com\/en\/","name":"Studio 44 Stockholm","description":"Studio 44, artist-run gallery in Stockholm","publisher":{"@id":"https:\/\/studio44-stockholm.com\/en\/#organization"},"potentialAction":[{"@type":"SearchAction","target":{"@type":"EntryPoint","urlTemplate":"https:\/\/studio44-stockholm.com\/en\/?s={search_term_string}"},"query-input":{"@type":"PropertyValueSpecification","valueRequired":true,"valueName":"search_term_string"}}],"inLanguage":"en-US"},{"@type":"Organization","@id":"https:\/\/studio44-stockholm.com\/en\/#organization","name":"Studio 44 Stockholm","url":"https:\/\/studio44-stockholm.com\/en\/","logo":{"@type":"ImageObject","inLanguage":"en-US","@id":"https:\/\/studio44-stockholm.com\/en\/#\/schema\/logo\/image\/","url":"https:\/\/studio44-stockholm.com\/wp-content\/uploads\/2021\/04\/studio44.jpg","contentUrl":"https:\/\/studio44-stockholm.com\/wp-content\/uploads\/2021\/04\/studio44.jpg","width":300,"height":76,"caption":"Studio 44 Stockholm"},"image":{"@id":"https:\/\/studio44-stockholm.com\/en\/#\/schema\/logo\/image\/"},"sameAs":["https:\/\/www.facebook.com\/studio44stockholm","https:\/\/www.youtube.com\/@studio44stockholm10","https:\/\/www.instagram.com\/studio44sthlm\/"]}]}},"jetpack_sharing_enabled":true,"jetpack_shortlink":"https:\/\/wp.me\/Pa6ks6-8Xh","_links":{"self":[{"href":"https:\/\/studio44-stockholm.com\/en\/wp-json\/wp\/v2\/pages\/34427","targetHints":{"allow":["GET"]}}],"collection":[{"href":"https:\/\/studio44-stockholm.com\/en\/wp-json\/wp\/v2\/pages"}],"about":[{"href":"https:\/\/studio44-stockholm.com\/en\/wp-json\/wp\/v2\/types\/page"}],"author":[{"embeddable":true,"href":"https:\/\/studio44-stockholm.com\/en\/wp-json\/wp\/v2\/users\/1"}],"replies":[{"embeddable":true,"href":"https:\/\/studio44-stockholm.com\/en\/wp-json\/wp\/v2\/comments?post=34427"}],"version-history":[{"count":0,"href":"https:\/\/studio44-stockholm.com\/en\/wp-json\/wp\/v2\/pages\/34427\/revisions"}],"up":[{"embeddable":true,"href":"https:\/\/studio44-stockholm.com\/en\/wp-json\/wp\/v2\/pages\/30429"}],"wp:attachment":[{"href":"https:\/\/studio44-stockholm.com\/en\/wp-json\/wp\/v2\/media?parent=34427"}],"curies":[{"name":"wp","href":"https:\/\/api.w.org\/{rel}","templated":true}]}}