{"id":30704,"date":"2021-05-25T00:30:59","date_gmt":"2021-05-24T22:30:59","guid":{"rendered":"https:\/\/studio44-stockholm.com\/exhibitions\/exhibitions-2021\/projektet\/"},"modified":"2025-02-27T03:48:31","modified_gmt":"2025-02-27T02:48:31","slug":"the-project","status":"publish","type":"page","link":"https:\/\/studio44-stockholm.com\/en\/exhibitions\/exhibitions-2021\/the-project\/","title":{"rendered":"THE PROJECT"},"content":{"rendered":"<div class=\"fusion-fullwidth fullwidth-box fusion-builder-row-1 hundred-percent-fullwidth non-hundred-percent-height-scrolling\" style=\"--awb-border-radius-top-left:0px;--awb-border-radius-top-right:0px;--awb-border-radius-bottom-right:0px;--awb-border-radius-bottom-left:0px;--awb-flex-wrap:wrap;\" ><div class=\"fusion-builder-row fusion-row\"><div class=\"fusion-layout-column fusion_builder_column fusion-builder-column-0 fusion_builder_column_2_3 2_3 fusion-two-third fusion-column-first fusion-column-no-min-height\" style=\"--awb-padding-right:20px;--awb-bg-size:cover;width:66.666666666667%;width:calc(66.666666666667% - ( ( NO ) * 0.66666666666667 ) );margin-right: ;\"><div class=\"fusion-column-wrapper fusion-column-has-shadow fusion-flex-column-wrapper-legacy\"><div class=\"fusion-title title fusion-title-1 fusion-sep-none fusion-title-text fusion-title-size-one\"><h1 class=\"fusion-title-heading title-heading-left fusion-responsive-typography-calculated\" style=\"margin:0;--fontSize:32;line-height:1.45;\"><h1 style=\"text-align: center;\">THE PROJECT<\/h1><\/h1><\/div><div class=\"fusion-image-element fusion-image-align-center in-legacy-container\" style=\"text-align:center;--awb-caption-title-font-family:var(--h2_typography-font-family);--awb-caption-title-font-weight:var(--h2_typography-font-weight);--awb-caption-title-font-style:var(--h2_typography-font-style);--awb-caption-title-size:var(--h2_typography-font-size);--awb-caption-title-transform:var(--h2_typography-text-transform);--awb-caption-title-line-height:var(--h2_typography-line-height);--awb-caption-title-letter-spacing:var(--h2_typography-letter-spacing);\"><div class=\"imageframe-align-center\"><span class=\" fusion-imageframe imageframe-dropshadow imageframe-1 hover-type-none\" style=\"-webkit-box-shadow: 7px 7px 11px rgba(0,0,0,0.3);box-shadow: 7px 7px 11px rgba(0,0,0,0.3);\"><img decoding=\"async\" width=\"1000\" height=\"828\" title=\"Project\" src=\"https:\/\/studio44-stockholm.com\/wp-content\/uploads\/2021\/01\/projrum-PV-21-e1621895597488.jpeg\" alt class=\"img-responsive wp-image-17869\"\/><\/span><\/div><\/div><div class=\"fusion-sep-clear\"><\/div><div class=\"fusion-separator fusion-full-width-sep\" style=\"margin-left: auto;margin-right: auto;margin-top:10px;margin-bottom:10px;width:100%;\"><\/div><div class=\"fusion-sep-clear\"><\/div><div class=\"fusion-text fusion-text-1\"><p align=\"justify\"><b>\u201dThe Project\u201d<\/b><br \/>\n\u201dThe Project\u201d is an installation of an office workspace. The office works with the future plans for the Studio 44 Gallery space. It is a place for investigation and discussion about the situation we now are in.<\/p>\n<p align=\"justify\">The room is transformed into a workspace, an office with desks, chairs, drawings, plans, calculations, coffee, visions, and ideas on the walls and a blackboard.<\/p>\n<p align=\"justify\">All concerned, members of Studio 44 and members of Kapsylen are invited to participate and contribute with ideas about what to do with the Gallery space once CFF has left.<\/p>\n<p align=\"justify\">In this way, the discussion is given a space for a couple of weeks. The ambition is to add some energy to the possibilities of the situation at hand.<br \/>\nAnd that we, by the end of the period, hopefully, can present one or two concrete suggestions.<\/p>\n<\/div><div class=\"fusion-clearfix\"><\/div><\/div><\/div><div class=\"fusion-layout-column fusion_builder_column fusion-builder-column-1 fusion_builder_column_1_3 1_3 fusion-one-third fusion-column-last\" style=\"--awb-padding-left:20px;--awb-bg-size:cover;--awb-border-color:#333333;--awb-border-left:1px;--awb-border-style:solid;width:33.333333333333%;width:calc(33.333333333333% - ( ( NO ) * 0.33333333333333 ) );\"><div class=\"fusion-column-wrapper fusion-column-has-shadow fusion-flex-column-wrapper-legacy\"><div class=\"fusion-image-element fusion-image-align-center in-legacy-container\" style=\"text-align:center;--awb-caption-title-font-family:var(--h2_typography-font-family);--awb-caption-title-font-weight:var(--h2_typography-font-weight);--awb-caption-title-font-style:var(--h2_typography-font-style);--awb-caption-title-size:var(--h2_typography-font-size);--awb-caption-title-transform:var(--h2_typography-text-transform);--awb-caption-title-line-height:var(--h2_typography-line-height);--awb-caption-title-letter-spacing:var(--h2_typography-letter-spacing);\"><div class=\"imageframe-align-center\"><span class=\" fusion-imageframe imageframe-none imageframe-2 hover-type-none\"><img decoding=\"async\" width=\"309\" height=\"90\" title=\"Rityta 2@2x\" src=\"https:\/\/studio44-stockholm.com\/wp-content\/uploads\/2021\/05\/Rityta-2@2x.png\" alt class=\"img-responsive wp-image-19272\" srcset=\"https:\/\/studio44-stockholm.com\/wp-content\/uploads\/2021\/05\/Rityta-2@2x-200x58.png 200w, https:\/\/studio44-stockholm.com\/wp-content\/uploads\/2021\/05\/Rityta-2@2x.png 309w\" sizes=\"(max-width: 800px) 100vw, 309px\" \/><\/span><\/div><\/div><div class=\"fusion-title title fusion-title-2 fusion-sep-none fusion-title-text fusion-title-size-two\"><h2 class=\"fusion-title-heading title-heading-left fusion-responsive-typography-calculated\" style=\"margin:0;--fontSize:28;line-height:1.5;\"><h3 style=\"text-align: left;\">The project room<\/h3>\n<p style=\"text-align: left;\"><strong>16 April \u2013 2 May 2021<\/strong><\/p><\/h2><\/div><div class=\"fusion-title title fusion-title-3 fusion-sep-none fusion-title-text fusion-title-size-two\"><h2 class=\"fusion-title-heading title-heading-left fusion-responsive-typography-calculated\" style=\"margin:0;--fontSize:28;line-height:1.5;\"><h4>Peter Varhelyi<\/h4><\/h2><\/div><div class=\"fusion-clearfix\"><\/div><\/div><\/div><\/div><\/div>\n","protected":false},"excerpt":{"rendered":"","protected":false},"author":50,"featured_media":0,"parent":30369,"menu_order":0,"comment_status":"closed","ping_status":"closed","template":"","meta":{"jetpack_post_was_ever_published":false,"footnotes":""},"class_list":["post-30704","page","type-page","status-publish","hentry"],"yoast_head":"<!-- This site is optimized with the Yoast SEO plugin v27.5 - https:\/\/yoast.com\/product\/yoast-seo-wordpress\/ -->\n<title>THE PROJECT - Studio 44 Stockholm<\/title>\n<meta name=\"description\" content=\"\u201dProjektet\u201d \u00e4r en installation av ett projektkontor. Kontoret arbetar med vad som ska h\u00e4nda med Galleri Studio 44 fram\u00f6ver. H\u00e4r belyses och diskuteras det viktiga och intressanta skede vi befinner oss i.\" \/>\n<meta name=\"robots\" content=\"index, follow, max-snippet:-1, max-image-preview:large, max-video-preview:-1\" \/>\n<link rel=\"canonical\" href=\"https:\/\/studio44-stockholm.com\/en\/exhibitions\/exhibitions-2021\/the-project\/\" \/>\n<meta property=\"og:locale\" content=\"en_US\" \/>\n<meta property=\"og:type\" content=\"article\" \/>\n<meta property=\"og:title\" content=\"THE PROJECT - Studio 44 Stockholm\" \/>\n<meta property=\"og:description\" content=\"\u201dProjektet\u201d \u00e4r en installation av ett projektkontor. Kontoret arbetar med vad som ska h\u00e4nda med Galleri Studio 44 fram\u00f6ver. H\u00e4r belyses och diskuteras det viktiga och intressanta skede vi befinner oss i.\" \/>\n<meta property=\"og:url\" content=\"https:\/\/studio44-stockholm.com\/en\/exhibitions\/exhibitions-2021\/the-project\/\" \/>\n<meta property=\"og:site_name\" content=\"Studio 44 Stockholm\" \/>\n<meta property=\"article:publisher\" content=\"https:\/\/www.facebook.com\/studio44stockholm\" \/>\n<meta property=\"article:modified_time\" content=\"2025-02-27T02:48:31+00:00\" \/>\n<meta name=\"twitter:card\" content=\"summary_large_image\" \/>\n<meta name=\"twitter:label1\" content=\"Est. reading time\" \/>\n\t<meta name=\"twitter:data1\" content=\"2 minutes\" \/>\n<script type=\"application\/ld+json\" class=\"yoast-schema-graph\">{\"@context\":\"https:\\\/\\\/schema.org\",\"@graph\":[{\"@type\":\"WebPage\",\"@id\":\"https:\\\/\\\/studio44-stockholm.com\\\/en\\\/exhibitions\\\/exhibitions-2021\\\/the-project\\\/\",\"url\":\"https:\\\/\\\/studio44-stockholm.com\\\/en\\\/exhibitions\\\/exhibitions-2021\\\/the-project\\\/\",\"name\":\"THE PROJECT - Studio 44 Stockholm\",\"isPartOf\":{\"@id\":\"https:\\\/\\\/studio44-stockholm.com\\\/en\\\/#website\"},\"datePublished\":\"2021-05-24T22:30:59+00:00\",\"dateModified\":\"2025-02-27T02:48:31+00:00\",\"description\":\"\u201dProjektet\u201d \u00e4r en installation av ett projektkontor. Kontoret arbetar med vad som ska h\u00e4nda med Galleri Studio 44 fram\u00f6ver. H\u00e4r belyses och diskuteras det viktiga och intressanta skede vi befinner oss i.\",\"breadcrumb\":{\"@id\":\"https:\\\/\\\/studio44-stockholm.com\\\/en\\\/exhibitions\\\/exhibitions-2021\\\/the-project\\\/#breadcrumb\"},\"inLanguage\":\"en-US\",\"potentialAction\":[{\"@type\":\"ReadAction\",\"target\":[\"https:\\\/\\\/studio44-stockholm.com\\\/en\\\/exhibitions\\\/exhibitions-2021\\\/the-project\\\/\"]}]},{\"@type\":\"BreadcrumbList\",\"@id\":\"https:\\\/\\\/studio44-stockholm.com\\\/en\\\/exhibitions\\\/exhibitions-2021\\\/the-project\\\/#breadcrumb\",\"itemListElement\":[{\"@type\":\"ListItem\",\"position\":1,\"name\":\"Hem\",\"item\":\"https:\\\/\\\/studio44-stockholm.com\\\/en\\\/\"},{\"@type\":\"ListItem\",\"position\":2,\"name\":\"Exhibitions\",\"item\":\"https:\\\/\\\/studio44-stockholm.com\\\/en\\\/exhibitions\\\/\"},{\"@type\":\"ListItem\",\"position\":3,\"name\":\"Exhibitions 2021\",\"item\":\"https:\\\/\\\/studio44-stockholm.com\\\/en\\\/exhibitions\\\/exhibitions-2021\\\/\"},{\"@type\":\"ListItem\",\"position\":4,\"name\":\"THE PROJECT\"}]},{\"@type\":\"WebSite\",\"@id\":\"https:\\\/\\\/studio44-stockholm.com\\\/en\\\/#website\",\"url\":\"https:\\\/\\\/studio44-stockholm.com\\\/en\\\/\",\"name\":\"Studio 44 Stockholm\",\"description\":\"Studio 44, artist-run gallery in Stockholm\",\"publisher\":{\"@id\":\"https:\\\/\\\/studio44-stockholm.com\\\/en\\\/#organization\"},\"potentialAction\":[{\"@type\":\"SearchAction\",\"target\":{\"@type\":\"EntryPoint\",\"urlTemplate\":\"https:\\\/\\\/studio44-stockholm.com\\\/en\\\/?s={search_term_string}\"},\"query-input\":{\"@type\":\"PropertyValueSpecification\",\"valueRequired\":true,\"valueName\":\"search_term_string\"}}],\"inLanguage\":\"en-US\"},{\"@type\":\"Organization\",\"@id\":\"https:\\\/\\\/studio44-stockholm.com\\\/en\\\/#organization\",\"name\":\"Studio 44 Stockholm\",\"url\":\"https:\\\/\\\/studio44-stockholm.com\\\/en\\\/\",\"logo\":{\"@type\":\"ImageObject\",\"inLanguage\":\"en-US\",\"@id\":\"https:\\\/\\\/studio44-stockholm.com\\\/en\\\/#\\\/schema\\\/logo\\\/image\\\/\",\"url\":\"https:\\\/\\\/studio44-stockholm.com\\\/wp-content\\\/uploads\\\/2021\\\/04\\\/studio44.jpg\",\"contentUrl\":\"https:\\\/\\\/studio44-stockholm.com\\\/wp-content\\\/uploads\\\/2021\\\/04\\\/studio44.jpg\",\"width\":300,\"height\":76,\"caption\":\"Studio 44 Stockholm\"},\"image\":{\"@id\":\"https:\\\/\\\/studio44-stockholm.com\\\/en\\\/#\\\/schema\\\/logo\\\/image\\\/\"},\"sameAs\":[\"https:\\\/\\\/www.facebook.com\\\/studio44stockholm\",\"https:\\\/\\\/www.youtube.com\\\/@studio44stockholm10\",\"https:\\\/\\\/www.instagram.com\\\/studio44sthlm\\\/\"]}]}<\/script>\n<!-- \/ Yoast SEO plugin. -->","yoast_head_json":{"title":"THE PROJECT - Studio 44 Stockholm","description":"\u201dProjektet\u201d \u00e4r en installation av ett projektkontor. Kontoret arbetar med vad som ska h\u00e4nda med Galleri Studio 44 fram\u00f6ver. H\u00e4r belyses och diskuteras det viktiga och intressanta skede vi befinner oss i.","robots":{"index":"index","follow":"follow","max-snippet":"max-snippet:-1","max-image-preview":"max-image-preview:large","max-video-preview":"max-video-preview:-1"},"canonical":"https:\/\/studio44-stockholm.com\/en\/exhibitions\/exhibitions-2021\/the-project\/","og_locale":"en_US","og_type":"article","og_title":"THE PROJECT - Studio 44 Stockholm","og_description":"\u201dProjektet\u201d \u00e4r en installation av ett projektkontor. Kontoret arbetar med vad som ska h\u00e4nda med Galleri Studio 44 fram\u00f6ver. H\u00e4r belyses och diskuteras det viktiga och intressanta skede vi befinner oss i.","og_url":"https:\/\/studio44-stockholm.com\/en\/exhibitions\/exhibitions-2021\/the-project\/","og_site_name":"Studio 44 Stockholm","article_publisher":"https:\/\/www.facebook.com\/studio44stockholm","article_modified_time":"2025-02-27T02:48:31+00:00","twitter_card":"summary_large_image","twitter_misc":{"Est. reading time":"2 minutes"},"schema":{"@context":"https:\/\/schema.org","@graph":[{"@type":"WebPage","@id":"https:\/\/studio44-stockholm.com\/en\/exhibitions\/exhibitions-2021\/the-project\/","url":"https:\/\/studio44-stockholm.com\/en\/exhibitions\/exhibitions-2021\/the-project\/","name":"THE PROJECT - Studio 44 Stockholm","isPartOf":{"@id":"https:\/\/studio44-stockholm.com\/en\/#website"},"datePublished":"2021-05-24T22:30:59+00:00","dateModified":"2025-02-27T02:48:31+00:00","description":"\u201dProjektet\u201d \u00e4r en installation av ett projektkontor. Kontoret arbetar med vad som ska h\u00e4nda med Galleri Studio 44 fram\u00f6ver. H\u00e4r belyses och diskuteras det viktiga och intressanta skede vi befinner oss i.","breadcrumb":{"@id":"https:\/\/studio44-stockholm.com\/en\/exhibitions\/exhibitions-2021\/the-project\/#breadcrumb"},"inLanguage":"en-US","potentialAction":[{"@type":"ReadAction","target":["https:\/\/studio44-stockholm.com\/en\/exhibitions\/exhibitions-2021\/the-project\/"]}]},{"@type":"BreadcrumbList","@id":"https:\/\/studio44-stockholm.com\/en\/exhibitions\/exhibitions-2021\/the-project\/#breadcrumb","itemListElement":[{"@type":"ListItem","position":1,"name":"Hem","item":"https:\/\/studio44-stockholm.com\/en\/"},{"@type":"ListItem","position":2,"name":"Exhibitions","item":"https:\/\/studio44-stockholm.com\/en\/exhibitions\/"},{"@type":"ListItem","position":3,"name":"Exhibitions 2021","item":"https:\/\/studio44-stockholm.com\/en\/exhibitions\/exhibitions-2021\/"},{"@type":"ListItem","position":4,"name":"THE PROJECT"}]},{"@type":"WebSite","@id":"https:\/\/studio44-stockholm.com\/en\/#website","url":"https:\/\/studio44-stockholm.com\/en\/","name":"Studio 44 Stockholm","description":"Studio 44, artist-run gallery in Stockholm","publisher":{"@id":"https:\/\/studio44-stockholm.com\/en\/#organization"},"potentialAction":[{"@type":"SearchAction","target":{"@type":"EntryPoint","urlTemplate":"https:\/\/studio44-stockholm.com\/en\/?s={search_term_string}"},"query-input":{"@type":"PropertyValueSpecification","valueRequired":true,"valueName":"search_term_string"}}],"inLanguage":"en-US"},{"@type":"Organization","@id":"https:\/\/studio44-stockholm.com\/en\/#organization","name":"Studio 44 Stockholm","url":"https:\/\/studio44-stockholm.com\/en\/","logo":{"@type":"ImageObject","inLanguage":"en-US","@id":"https:\/\/studio44-stockholm.com\/en\/#\/schema\/logo\/image\/","url":"https:\/\/studio44-stockholm.com\/wp-content\/uploads\/2021\/04\/studio44.jpg","contentUrl":"https:\/\/studio44-stockholm.com\/wp-content\/uploads\/2021\/04\/studio44.jpg","width":300,"height":76,"caption":"Studio 44 Stockholm"},"image":{"@id":"https:\/\/studio44-stockholm.com\/en\/#\/schema\/logo\/image\/"},"sameAs":["https:\/\/www.facebook.com\/studio44stockholm","https:\/\/www.youtube.com\/@studio44stockholm10","https:\/\/www.instagram.com\/studio44sthlm\/"]}]}},"jetpack_sharing_enabled":true,"jetpack_shortlink":"https:\/\/wp.me\/Pa6ks6-7Ze","_links":{"self":[{"href":"https:\/\/studio44-stockholm.com\/en\/wp-json\/wp\/v2\/pages\/30704","targetHints":{"allow":["GET"]}}],"collection":[{"href":"https:\/\/studio44-stockholm.com\/en\/wp-json\/wp\/v2\/pages"}],"about":[{"href":"https:\/\/studio44-stockholm.com\/en\/wp-json\/wp\/v2\/types\/page"}],"author":[{"embeddable":true,"href":"https:\/\/studio44-stockholm.com\/en\/wp-json\/wp\/v2\/users\/50"}],"replies":[{"embeddable":true,"href":"https:\/\/studio44-stockholm.com\/en\/wp-json\/wp\/v2\/comments?post=30704"}],"version-history":[{"count":4,"href":"https:\/\/studio44-stockholm.com\/en\/wp-json\/wp\/v2\/pages\/30704\/revisions"}],"predecessor-version":[{"id":37026,"href":"https:\/\/studio44-stockholm.com\/en\/wp-json\/wp\/v2\/pages\/30704\/revisions\/37026"}],"up":[{"embeddable":true,"href":"https:\/\/studio44-stockholm.com\/en\/wp-json\/wp\/v2\/pages\/30369"}],"wp:attachment":[{"href":"https:\/\/studio44-stockholm.com\/en\/wp-json\/wp\/v2\/media?parent=30704"}],"curies":[{"name":"wp","href":"https:\/\/api.w.org\/{rel}","templated":true}]}}