{"id":30696,"date":"2021-05-25T00:22:33","date_gmt":"2021-05-24T22:22:33","guid":{"rendered":"https:\/\/studio44-stockholm.com\/exhibitions\/exhibitions-2021\/19363-2\/"},"modified":"2025-02-27T03:48:04","modified_gmt":"2025-02-27T02:48:04","slug":"the-bigger-picture","status":"publish","type":"page","link":"https:\/\/studio44-stockholm.com\/en\/exhibitions\/exhibitions-2021\/the-bigger-picture\/","title":{"rendered":"THE BIGGER PICTURE"},"content":{"rendered":"<div class=\"fusion-fullwidth fullwidth-box fusion-builder-row-1 hundred-percent-fullwidth non-hundred-percent-height-scrolling\" style=\"--awb-border-radius-top-left:0px;--awb-border-radius-top-right:0px;--awb-border-radius-bottom-right:0px;--awb-border-radius-bottom-left:0px;--awb-flex-wrap:wrap;\" ><div class=\"fusion-builder-row fusion-row\"><div class=\"fusion-layout-column fusion_builder_column fusion-builder-column-0 fusion_builder_column_2_3 2_3 fusion-two-third fusion-column-first fusion-column-no-min-height\" style=\"--awb-padding-right:20px;--awb-bg-size:cover;width:66.666666666667%;width:calc(66.666666666667% - ( ( NO ) * 0.66666666666667 ) );margin-right: ;\"><div class=\"fusion-column-wrapper fusion-column-has-shadow fusion-flex-column-wrapper-legacy\"><div class=\"fusion-title title fusion-title-1 fusion-sep-none fusion-title-text fusion-title-size-one\"><h1 class=\"fusion-title-heading title-heading-left fusion-responsive-typography-calculated\" style=\"margin:0;--fontSize:32;line-height:1.45;\"><h1 style=\"text-align: center;\">THE BIGGER PICTURE<\/h1><\/h1><\/div><div class=\"fusion-image-element fusion-image-align-center in-legacy-container\" style=\"text-align:center;--awb-caption-title-font-family:var(--h2_typography-font-family);--awb-caption-title-font-weight:var(--h2_typography-font-weight);--awb-caption-title-font-style:var(--h2_typography-font-style);--awb-caption-title-size:var(--h2_typography-font-size);--awb-caption-title-transform:var(--h2_typography-text-transform);--awb-caption-title-line-height:var(--h2_typography-line-height);--awb-caption-title-letter-spacing:var(--h2_typography-letter-spacing);\"><div class=\"imageframe-align-center\"><span class=\" fusion-imageframe imageframe-dropshadow imageframe-1 hover-type-none\" style=\"-webkit-box-shadow: 7px 7px 11px rgba(0,0,0,0.3);box-shadow: 7px 7px 11px rgba(0,0,0,0.3);\"><img decoding=\"async\" width=\"1536\" height=\"1920\" alt=\"The Bigger Picture\" title=\"THE_BIGGER_PICTURE_NO_INFO\" src=\"https:\/\/studio44-stockholm.com\/wp-content\/uploads\/2021\/01\/THE_BIGGER_PICTURE_NO_INFO-e1621894733231.jpg\" class=\"img-responsive wp-image-17913\"\/><\/span><\/div><\/div><div class=\"fusion-sep-clear\"><\/div><div class=\"fusion-separator fusion-full-width-sep\" style=\"margin-left: auto;margin-right: auto;margin-top:10px;margin-bottom:10px;width:100%;\"><\/div><div class=\"fusion-sep-clear\"><\/div><div class=\"fusion-text fusion-text-1\"><p><div class=\"video-shortcode\"><div class=\"embed-vimeo\" style=\"text-align: center;\"><iframe src=\"https:\/\/player.vimeo.com\/video\/510219521\" width=\"640\" height=\"360\" frameborder=\"0\" webkitallowfullscreen mozallowfullscreen allowfullscreen><\/iframe><\/div><\/div>\n<a href=\"https:\/\/vimeo.com\/510219521\">The Bigger Picture<\/a> from <a href=\"https:\/\/vimeo.com\/matslandstrom\">Mats Landstr\u00f6m<\/a> on <a href=\"https:\/\/vimeo.com\">Vimeo<\/a>.<\/p>\n<\/div><div class=\"fusion-text fusion-text-2\"><p>The exhibition is supported by Sweden&#8217;s Konstf\u00f6reningar<\/p>\n<\/div><div class=\"fusion-image-element in-legacy-container\" style=\"--awb-caption-title-font-family:var(--h2_typography-font-family);--awb-caption-title-font-weight:var(--h2_typography-font-weight);--awb-caption-title-font-style:var(--h2_typography-font-style);--awb-caption-title-size:var(--h2_typography-font-size);--awb-caption-title-transform:var(--h2_typography-text-transform);--awb-caption-title-line-height:var(--h2_typography-line-height);--awb-caption-title-letter-spacing:var(--h2_typography-letter-spacing);\"><span class=\" fusion-imageframe imageframe-dropshadow imageframe-2 hover-type-none\" style=\"-webkit-box-shadow: 7px 7px 11px rgba(0,0,0,0.3);box-shadow: 7px 7px 11px rgba(0,0,0,0.3);\"><img decoding=\"async\" width=\"511\" height=\"76\" title=\"logo_default_print\" src=\"https:\/\/studio44-stockholm.com\/wp-content\/uploads\/2021\/03\/logo_default_print.jpg\" alt class=\"img-responsive wp-image-18634\" srcset=\"https:\/\/studio44-stockholm.com\/wp-content\/uploads\/2021\/03\/logo_default_print-200x30.jpg 200w, https:\/\/studio44-stockholm.com\/wp-content\/uploads\/2021\/03\/logo_default_print-400x59.jpg 400w, https:\/\/studio44-stockholm.com\/wp-content\/uploads\/2021\/03\/logo_default_print.jpg 511w\" sizes=\"(max-width: 800px) 100vw, 511px\" \/><\/span><\/div><div class=\"awb-gallery-wrapper awb-gallery-wrapper-1 button-span-no\"><div style=\"margin:-6px;--awb-bordersize:0px;\" class=\"fusion-gallery fusion-gallery-container fusion-grid-5 fusion-columns-total-20 fusion-gallery-layout-grid fusion-gallery-1\"><div style=\"padding:6.5px;\" class=\"fusion-grid-column fusion-gallery-column fusion-gallery-column-5 hover-type-zoomin\"><div class=\"fusion-gallery-image\"><a rel=\"noreferrer\" data-rel=\"iLightbox[gallery_image_1]\" class=\"fusion-lightbox\" target=\"_self\"><img decoding=\"async\" src=\"\" width=\"\" height=\"\" alt=\"\" title=\"\" aria-label=\"\" class=\"img-responsive wp-image-20242\"  \/><\/a><\/div><\/div><div style=\"padding:6.5px;\" class=\"fusion-grid-column fusion-gallery-column fusion-gallery-column-5 hover-type-zoomin\"><div class=\"fusion-gallery-image\"><a rel=\"noreferrer\" data-rel=\"iLightbox[gallery_image_1]\" class=\"fusion-lightbox\" target=\"_self\"><img decoding=\"async\" src=\"\" width=\"\" height=\"\" alt=\"\" title=\"\" aria-label=\"\" class=\"img-responsive wp-image-20244\"  \/><\/a><\/div><\/div><div style=\"padding:6.5px;\" class=\"fusion-grid-column fusion-gallery-column fusion-gallery-column-5 hover-type-zoomin\"><div class=\"fusion-gallery-image\"><a rel=\"noreferrer\" data-rel=\"iLightbox[gallery_image_1]\" class=\"fusion-lightbox\" target=\"_self\"><img decoding=\"async\" src=\"\" width=\"\" height=\"\" alt=\"\" title=\"\" aria-label=\"\" class=\"img-responsive wp-image-20246\"  \/><\/a><\/div><\/div><div style=\"padding:6.5px;\" class=\"fusion-grid-column fusion-gallery-column fusion-gallery-column-5 hover-type-zoomin\"><div class=\"fusion-gallery-image\"><a rel=\"noreferrer\" data-rel=\"iLightbox[gallery_image_1]\" class=\"fusion-lightbox\" target=\"_self\"><img decoding=\"async\" src=\"\" width=\"\" height=\"\" alt=\"\" title=\"\" aria-label=\"\" class=\"img-responsive wp-image-20248\"  \/><\/a><\/div><\/div><div style=\"padding:6.5px;\" class=\"fusion-grid-column fusion-gallery-column fusion-gallery-column-5 hover-type-zoomin\"><div class=\"fusion-gallery-image\"><a rel=\"noreferrer\" data-rel=\"iLightbox[gallery_image_1]\" class=\"fusion-lightbox\" target=\"_self\"><img decoding=\"async\" src=\"\" width=\"\" height=\"\" alt=\"\" title=\"\" aria-label=\"\" class=\"img-responsive wp-image-20250\"  \/><\/a><\/div><\/div><div class=\"clearfix\"><\/div><div style=\"padding:6.5px;\" class=\"fusion-grid-column fusion-gallery-column fusion-gallery-column-5 hover-type-zoomin\"><div class=\"fusion-gallery-image\"><a rel=\"noreferrer\" data-rel=\"iLightbox[gallery_image_1]\" class=\"fusion-lightbox\" target=\"_self\"><img decoding=\"async\" src=\"\" width=\"\" height=\"\" alt=\"\" title=\"\" aria-label=\"\" class=\"img-responsive wp-image-20252\"  \/><\/a><\/div><\/div><div style=\"padding:6.5px;\" class=\"fusion-grid-column fusion-gallery-column fusion-gallery-column-5 hover-type-zoomin\"><div class=\"fusion-gallery-image\"><a rel=\"noreferrer\" data-rel=\"iLightbox[gallery_image_1]\" class=\"fusion-lightbox\" target=\"_self\"><img decoding=\"async\" src=\"\" width=\"\" height=\"\" alt=\"\" title=\"\" aria-label=\"\" class=\"img-responsive wp-image-20254\"  \/><\/a><\/div><\/div><div style=\"padding:6.5px;\" class=\"fusion-grid-column fusion-gallery-column fusion-gallery-column-5 hover-type-zoomin\"><div class=\"fusion-gallery-image\"><a rel=\"noreferrer\" data-rel=\"iLightbox[gallery_image_1]\" class=\"fusion-lightbox\" target=\"_self\"><img decoding=\"async\" src=\"\" width=\"\" height=\"\" alt=\"\" title=\"\" aria-label=\"\" class=\"img-responsive wp-image-20256\"  \/><\/a><\/div><\/div><div style=\"padding:6.5px;\" class=\"fusion-grid-column fusion-gallery-column fusion-gallery-column-5 hover-type-zoomin\"><div class=\"fusion-gallery-image\"><a rel=\"noreferrer\" data-rel=\"iLightbox[gallery_image_1]\" class=\"fusion-lightbox\" target=\"_self\"><img decoding=\"async\" src=\"\" width=\"\" height=\"\" alt=\"\" title=\"\" aria-label=\"\" class=\"img-responsive wp-image-20258\"  \/><\/a><\/div><\/div><div style=\"padding:6.5px;\" class=\"fusion-grid-column fusion-gallery-column fusion-gallery-column-5 hover-type-zoomin\"><div class=\"fusion-gallery-image\"><a rel=\"noreferrer\" data-rel=\"iLightbox[gallery_image_1]\" class=\"fusion-lightbox\" target=\"_self\"><img decoding=\"async\" src=\"\" width=\"\" height=\"\" alt=\"\" title=\"\" aria-label=\"\" class=\"img-responsive wp-image-20260\"  \/><\/a><\/div><\/div><div class=\"clearfix\"><\/div><div style=\"padding:6.5px;\" class=\"fusion-grid-column fusion-gallery-column fusion-gallery-column-5 hover-type-zoomin\"><div class=\"fusion-gallery-image\"><a rel=\"noreferrer\" data-rel=\"iLightbox[gallery_image_1]\" class=\"fusion-lightbox\" target=\"_self\"><img decoding=\"async\" src=\"\" width=\"\" height=\"\" alt=\"\" title=\"\" aria-label=\"\" class=\"img-responsive wp-image-20262\"  \/><\/a><\/div><\/div><div style=\"padding:6.5px;\" class=\"fusion-grid-column fusion-gallery-column fusion-gallery-column-5 hover-type-zoomin\"><div class=\"fusion-gallery-image\"><a rel=\"noreferrer\" data-rel=\"iLightbox[gallery_image_1]\" class=\"fusion-lightbox\" target=\"_self\"><img decoding=\"async\" src=\"\" width=\"\" height=\"\" alt=\"\" title=\"\" aria-label=\"\" class=\"img-responsive wp-image-20264\"  \/><\/a><\/div><\/div><div style=\"padding:6.5px;\" class=\"fusion-grid-column fusion-gallery-column fusion-gallery-column-5 hover-type-zoomin\"><div class=\"fusion-gallery-image\"><a rel=\"noreferrer\" data-rel=\"iLightbox[gallery_image_1]\" class=\"fusion-lightbox\" target=\"_self\"><img decoding=\"async\" src=\"\" width=\"\" height=\"\" alt=\"\" title=\"\" aria-label=\"\" class=\"img-responsive wp-image-20266\"  \/><\/a><\/div><\/div><div style=\"padding:6.5px;\" class=\"fusion-grid-column fusion-gallery-column fusion-gallery-column-5 hover-type-zoomin\"><div class=\"fusion-gallery-image\"><a rel=\"noreferrer\" data-rel=\"iLightbox[gallery_image_1]\" class=\"fusion-lightbox\" target=\"_self\"><img decoding=\"async\" src=\"\" width=\"\" height=\"\" alt=\"\" title=\"\" aria-label=\"\" class=\"img-responsive wp-image-20268\"  \/><\/a><\/div><\/div><div style=\"padding:6.5px;\" class=\"fusion-grid-column fusion-gallery-column fusion-gallery-column-5 hover-type-zoomin\"><div class=\"fusion-gallery-image\"><a rel=\"noreferrer\" data-rel=\"iLightbox[gallery_image_1]\" class=\"fusion-lightbox\" target=\"_self\"><img decoding=\"async\" src=\"\" width=\"\" height=\"\" alt=\"\" title=\"\" aria-label=\"\" class=\"img-responsive wp-image-20270\"  \/><\/a><\/div><\/div><div class=\"clearfix\"><\/div><div style=\"padding:6.5px;\" class=\"fusion-grid-column fusion-gallery-column fusion-gallery-column-5 hover-type-zoomin\"><div class=\"fusion-gallery-image\"><a rel=\"noreferrer\" data-rel=\"iLightbox[gallery_image_1]\" class=\"fusion-lightbox\" target=\"_self\"><img decoding=\"async\" src=\"\" width=\"\" height=\"\" alt=\"\" title=\"\" aria-label=\"\" class=\"img-responsive wp-image-20272\"  \/><\/a><\/div><\/div><div style=\"padding:6.5px;\" class=\"fusion-grid-column fusion-gallery-column fusion-gallery-column-5 hover-type-zoomin\"><div class=\"fusion-gallery-image\"><a rel=\"noreferrer\" data-rel=\"iLightbox[gallery_image_1]\" class=\"fusion-lightbox\" target=\"_self\"><img decoding=\"async\" src=\"\" width=\"\" height=\"\" alt=\"\" title=\"\" aria-label=\"\" class=\"img-responsive wp-image-20274\"  \/><\/a><\/div><\/div><div style=\"padding:6.5px;\" class=\"fusion-grid-column fusion-gallery-column fusion-gallery-column-5 hover-type-zoomin\"><div class=\"fusion-gallery-image\"><a rel=\"noreferrer\" data-rel=\"iLightbox[gallery_image_1]\" class=\"fusion-lightbox\" target=\"_self\"><img decoding=\"async\" src=\"\" width=\"\" height=\"\" alt=\"\" title=\"\" aria-label=\"\" class=\"img-responsive wp-image-20276\"  \/><\/a><\/div><\/div><div style=\"padding:6.5px;\" class=\"fusion-grid-column fusion-gallery-column fusion-gallery-column-5 hover-type-zoomin\"><div class=\"fusion-gallery-image\"><a rel=\"noreferrer\" data-rel=\"iLightbox[gallery_image_1]\" class=\"fusion-lightbox\" target=\"_self\"><img decoding=\"async\" src=\"\" width=\"\" height=\"\" alt=\"\" title=\"\" aria-label=\"\" class=\"img-responsive wp-image-20278\"  \/><\/a><\/div><\/div><div style=\"padding:6.5px;\" class=\"fusion-grid-column fusion-gallery-column fusion-gallery-column-5 hover-type-zoomin\"><div class=\"fusion-gallery-image\"><a rel=\"noreferrer\" data-rel=\"iLightbox[gallery_image_1]\" class=\"fusion-lightbox\" target=\"_self\"><img decoding=\"async\" src=\"\" width=\"\" height=\"\" alt=\"\" title=\"\" aria-label=\"\" class=\"img-responsive wp-image-20280\"  \/><\/a><\/div><\/div><div class=\"clearfix\"><\/div><\/div><\/div><div class=\"fusion-clearfix\"><\/div><\/div><\/div><div class=\"fusion-layout-column fusion_builder_column fusion-builder-column-1 fusion_builder_column_1_3 1_3 fusion-one-third fusion-column-last\" style=\"--awb-padding-left:20px;--awb-bg-size:cover;--awb-border-color:#333333;--awb-border-left:1px;--awb-border-style:solid;width:33.333333333333%;width:calc(33.333333333333% - ( ( NO ) * 0.33333333333333 ) );\"><div class=\"fusion-column-wrapper fusion-column-has-shadow fusion-flex-column-wrapper-legacy\"><div class=\"fusion-image-element fusion-image-align-center in-legacy-container\" style=\"text-align:center;--awb-caption-title-font-family:var(--h2_typography-font-family);--awb-caption-title-font-weight:var(--h2_typography-font-weight);--awb-caption-title-font-style:var(--h2_typography-font-style);--awb-caption-title-size:var(--h2_typography-font-size);--awb-caption-title-transform:var(--h2_typography-text-transform);--awb-caption-title-line-height:var(--h2_typography-line-height);--awb-caption-title-letter-spacing:var(--h2_typography-letter-spacing);\"><div class=\"imageframe-align-center\"><span class=\" fusion-imageframe imageframe-none imageframe-3 hover-type-none\"><img decoding=\"async\" width=\"309\" height=\"90\" title=\"Rityta 2@2x\" src=\"https:\/\/studio44-stockholm.com\/wp-content\/uploads\/2021\/05\/Rityta-2@2x.png\" alt class=\"img-responsive wp-image-19272\" srcset=\"https:\/\/studio44-stockholm.com\/wp-content\/uploads\/2021\/05\/Rityta-2@2x-200x58.png 200w, https:\/\/studio44-stockholm.com\/wp-content\/uploads\/2021\/05\/Rityta-2@2x.png 309w\" sizes=\"(max-width: 800px) 100vw, 309px\" \/><\/span><\/div><\/div><div class=\"fusion-text fusion-text-3\"><h3 style=\"text-align: left;\">Gallery<\/h3>\n<p class=\"fusion-responsive-typography-calculated\" style=\"text-align: left;\" data-fontsize=\"30\" data-lineheight=\"45px\"><strong><span style=\"font-size: 16px;\">22 April \u2013 2 May 2021<\/span><\/strong><\/p>\n<\/div><div class=\"fusion-title title fusion-title-2 fusion-sep-none fusion-title-text fusion-title-size-two\"><h2 class=\"fusion-title-heading title-heading-left fusion-responsive-typography-calculated\" style=\"margin:0;--fontSize:28;line-height:1.5;\"><h4>Natalie Sutinen<br \/>\nHelena \u00d6hman<br \/>\nBj\u00f6rn Lundell<br \/>\nAndrea H\u00f6sel<br \/>\n<a href=\"https:\/\/studio44-stockholm.com\/portfolio-items\/christina-hedlund\/\">Christina Hedlund<\/a><br \/>\n<a href=\"https:\/\/studio44-stockholm.com\/portfolio-items\/nina-wedberg-thulin\/\">Nina Wedberg Thulin<\/a><\/h4><\/h2><\/div><div class=\"fusion-text fusion-text-4\"><p>Six artists interpret the theme of The Bigger Picture through film, installation, painting and sculpture. A group of very personal artists who over the course of a year met and crossed each other&#8217;s tracks through dialogue and exchange of sketches.<\/p>\n<\/div><div class=\"fusion-clearfix\"><\/div><\/div><\/div><\/div><\/div>\n","protected":false},"excerpt":{"rendered":"","protected":false},"author":50,"featured_media":0,"parent":30369,"menu_order":0,"comment_status":"closed","ping_status":"closed","template":"","meta":{"jetpack_post_was_ever_published":false,"footnotes":""},"class_list":["post-30696","page","type-page","status-publish","hentry"],"yoast_head":"<!-- This site is optimized with the Yoast SEO plugin v27.5 - https:\/\/yoast.com\/product\/yoast-seo-wordpress\/ -->\n<title>THE BIGGER PICTURE - Studio 44 Stockholm<\/title>\n<meta name=\"description\" content=\"The Bigger Picture. Sex konstn\u00e4rer tolkar temat The Bigger Picture genom film, installation, m\u00e5leri och skulptur. En grupp mycket personliga konstn\u00e4rskap som under ett \u00e5rs tid m\u00f6tts och korsat varandras sp\u00e5r genom dialog och utbyte av skisser.\" \/>\n<meta name=\"robots\" content=\"index, follow, max-snippet:-1, max-image-preview:large, max-video-preview:-1\" \/>\n<link rel=\"canonical\" href=\"https:\/\/studio44-stockholm.com\/en\/exhibitions\/exhibitions-2021\/the-bigger-picture\/\" \/>\n<meta property=\"og:locale\" content=\"en_US\" \/>\n<meta property=\"og:type\" content=\"article\" \/>\n<meta property=\"og:title\" content=\"THE BIGGER PICTURE - Studio 44 Stockholm\" \/>\n<meta property=\"og:description\" content=\"The Bigger Picture. Sex konstn\u00e4rer tolkar temat The Bigger Picture genom film, installation, m\u00e5leri och skulptur. En grupp mycket personliga konstn\u00e4rskap som under ett \u00e5rs tid m\u00f6tts och korsat varandras sp\u00e5r genom dialog och utbyte av skisser.\" \/>\n<meta property=\"og:url\" content=\"https:\/\/studio44-stockholm.com\/en\/exhibitions\/exhibitions-2021\/the-bigger-picture\/\" \/>\n<meta property=\"og:site_name\" content=\"Studio 44 Stockholm\" \/>\n<meta property=\"article:publisher\" content=\"https:\/\/www.facebook.com\/studio44stockholm\" \/>\n<meta property=\"article:modified_time\" content=\"2025-02-27T02:48:04+00:00\" \/>\n<meta name=\"twitter:card\" content=\"summary_large_image\" \/>\n<meta name=\"twitter:label1\" content=\"Est. reading time\" \/>\n\t<meta name=\"twitter:data1\" content=\"5 minutes\" \/>\n<script type=\"application\/ld+json\" class=\"yoast-schema-graph\">{\"@context\":\"https:\\\/\\\/schema.org\",\"@graph\":[{\"@type\":\"WebPage\",\"@id\":\"https:\\\/\\\/studio44-stockholm.com\\\/en\\\/exhibitions\\\/exhibitions-2021\\\/the-bigger-picture\\\/\",\"url\":\"https:\\\/\\\/studio44-stockholm.com\\\/en\\\/exhibitions\\\/exhibitions-2021\\\/the-bigger-picture\\\/\",\"name\":\"THE BIGGER PICTURE - Studio 44 Stockholm\",\"isPartOf\":{\"@id\":\"https:\\\/\\\/studio44-stockholm.com\\\/en\\\/#website\"},\"datePublished\":\"2021-05-24T22:22:33+00:00\",\"dateModified\":\"2025-02-27T02:48:04+00:00\",\"description\":\"The Bigger Picture. Sex konstn\u00e4rer tolkar temat The Bigger Picture genom film, installation, m\u00e5leri och skulptur. En grupp mycket personliga konstn\u00e4rskap som under ett \u00e5rs tid m\u00f6tts och korsat varandras sp\u00e5r genom dialog och utbyte av skisser.\",\"breadcrumb\":{\"@id\":\"https:\\\/\\\/studio44-stockholm.com\\\/en\\\/exhibitions\\\/exhibitions-2021\\\/the-bigger-picture\\\/#breadcrumb\"},\"inLanguage\":\"en-US\",\"potentialAction\":[{\"@type\":\"ReadAction\",\"target\":[\"https:\\\/\\\/studio44-stockholm.com\\\/en\\\/exhibitions\\\/exhibitions-2021\\\/the-bigger-picture\\\/\"]}]},{\"@type\":\"BreadcrumbList\",\"@id\":\"https:\\\/\\\/studio44-stockholm.com\\\/en\\\/exhibitions\\\/exhibitions-2021\\\/the-bigger-picture\\\/#breadcrumb\",\"itemListElement\":[{\"@type\":\"ListItem\",\"position\":1,\"name\":\"Hem\",\"item\":\"https:\\\/\\\/studio44-stockholm.com\\\/en\\\/\"},{\"@type\":\"ListItem\",\"position\":2,\"name\":\"Exhibitions\",\"item\":\"https:\\\/\\\/studio44-stockholm.com\\\/en\\\/exhibitions\\\/\"},{\"@type\":\"ListItem\",\"position\":3,\"name\":\"Exhibitions 2021\",\"item\":\"https:\\\/\\\/studio44-stockholm.com\\\/en\\\/exhibitions\\\/exhibitions-2021\\\/\"},{\"@type\":\"ListItem\",\"position\":4,\"name\":\"THE BIGGER PICTURE\"}]},{\"@type\":\"WebSite\",\"@id\":\"https:\\\/\\\/studio44-stockholm.com\\\/en\\\/#website\",\"url\":\"https:\\\/\\\/studio44-stockholm.com\\\/en\\\/\",\"name\":\"Studio 44 Stockholm\",\"description\":\"Studio 44, artist-run gallery in Stockholm\",\"publisher\":{\"@id\":\"https:\\\/\\\/studio44-stockholm.com\\\/en\\\/#organization\"},\"potentialAction\":[{\"@type\":\"SearchAction\",\"target\":{\"@type\":\"EntryPoint\",\"urlTemplate\":\"https:\\\/\\\/studio44-stockholm.com\\\/en\\\/?s={search_term_string}\"},\"query-input\":{\"@type\":\"PropertyValueSpecification\",\"valueRequired\":true,\"valueName\":\"search_term_string\"}}],\"inLanguage\":\"en-US\"},{\"@type\":\"Organization\",\"@id\":\"https:\\\/\\\/studio44-stockholm.com\\\/en\\\/#organization\",\"name\":\"Studio 44 Stockholm\",\"url\":\"https:\\\/\\\/studio44-stockholm.com\\\/en\\\/\",\"logo\":{\"@type\":\"ImageObject\",\"inLanguage\":\"en-US\",\"@id\":\"https:\\\/\\\/studio44-stockholm.com\\\/en\\\/#\\\/schema\\\/logo\\\/image\\\/\",\"url\":\"https:\\\/\\\/studio44-stockholm.com\\\/wp-content\\\/uploads\\\/2021\\\/04\\\/studio44.jpg\",\"contentUrl\":\"https:\\\/\\\/studio44-stockholm.com\\\/wp-content\\\/uploads\\\/2021\\\/04\\\/studio44.jpg\",\"width\":300,\"height\":76,\"caption\":\"Studio 44 Stockholm\"},\"image\":{\"@id\":\"https:\\\/\\\/studio44-stockholm.com\\\/en\\\/#\\\/schema\\\/logo\\\/image\\\/\"},\"sameAs\":[\"https:\\\/\\\/www.facebook.com\\\/studio44stockholm\",\"https:\\\/\\\/www.youtube.com\\\/@studio44stockholm10\",\"https:\\\/\\\/www.instagram.com\\\/studio44sthlm\\\/\"]}]}<\/script>\n<!-- \/ Yoast SEO plugin. -->","yoast_head_json":{"title":"THE BIGGER PICTURE - Studio 44 Stockholm","description":"The Bigger Picture. Sex konstn\u00e4rer tolkar temat The Bigger Picture genom film, installation, m\u00e5leri och skulptur. En grupp mycket personliga konstn\u00e4rskap som under ett \u00e5rs tid m\u00f6tts och korsat varandras sp\u00e5r genom dialog och utbyte av skisser.","robots":{"index":"index","follow":"follow","max-snippet":"max-snippet:-1","max-image-preview":"max-image-preview:large","max-video-preview":"max-video-preview:-1"},"canonical":"https:\/\/studio44-stockholm.com\/en\/exhibitions\/exhibitions-2021\/the-bigger-picture\/","og_locale":"en_US","og_type":"article","og_title":"THE BIGGER PICTURE - Studio 44 Stockholm","og_description":"The Bigger Picture. Sex konstn\u00e4rer tolkar temat The Bigger Picture genom film, installation, m\u00e5leri och skulptur. En grupp mycket personliga konstn\u00e4rskap som under ett \u00e5rs tid m\u00f6tts och korsat varandras sp\u00e5r genom dialog och utbyte av skisser.","og_url":"https:\/\/studio44-stockholm.com\/en\/exhibitions\/exhibitions-2021\/the-bigger-picture\/","og_site_name":"Studio 44 Stockholm","article_publisher":"https:\/\/www.facebook.com\/studio44stockholm","article_modified_time":"2025-02-27T02:48:04+00:00","twitter_card":"summary_large_image","twitter_misc":{"Est. reading time":"5 minutes"},"schema":{"@context":"https:\/\/schema.org","@graph":[{"@type":"WebPage","@id":"https:\/\/studio44-stockholm.com\/en\/exhibitions\/exhibitions-2021\/the-bigger-picture\/","url":"https:\/\/studio44-stockholm.com\/en\/exhibitions\/exhibitions-2021\/the-bigger-picture\/","name":"THE BIGGER PICTURE - Studio 44 Stockholm","isPartOf":{"@id":"https:\/\/studio44-stockholm.com\/en\/#website"},"datePublished":"2021-05-24T22:22:33+00:00","dateModified":"2025-02-27T02:48:04+00:00","description":"The Bigger Picture. Sex konstn\u00e4rer tolkar temat The Bigger Picture genom film, installation, m\u00e5leri och skulptur. En grupp mycket personliga konstn\u00e4rskap som under ett \u00e5rs tid m\u00f6tts och korsat varandras sp\u00e5r genom dialog och utbyte av skisser.","breadcrumb":{"@id":"https:\/\/studio44-stockholm.com\/en\/exhibitions\/exhibitions-2021\/the-bigger-picture\/#breadcrumb"},"inLanguage":"en-US","potentialAction":[{"@type":"ReadAction","target":["https:\/\/studio44-stockholm.com\/en\/exhibitions\/exhibitions-2021\/the-bigger-picture\/"]}]},{"@type":"BreadcrumbList","@id":"https:\/\/studio44-stockholm.com\/en\/exhibitions\/exhibitions-2021\/the-bigger-picture\/#breadcrumb","itemListElement":[{"@type":"ListItem","position":1,"name":"Hem","item":"https:\/\/studio44-stockholm.com\/en\/"},{"@type":"ListItem","position":2,"name":"Exhibitions","item":"https:\/\/studio44-stockholm.com\/en\/exhibitions\/"},{"@type":"ListItem","position":3,"name":"Exhibitions 2021","item":"https:\/\/studio44-stockholm.com\/en\/exhibitions\/exhibitions-2021\/"},{"@type":"ListItem","position":4,"name":"THE BIGGER PICTURE"}]},{"@type":"WebSite","@id":"https:\/\/studio44-stockholm.com\/en\/#website","url":"https:\/\/studio44-stockholm.com\/en\/","name":"Studio 44 Stockholm","description":"Studio 44, artist-run gallery in Stockholm","publisher":{"@id":"https:\/\/studio44-stockholm.com\/en\/#organization"},"potentialAction":[{"@type":"SearchAction","target":{"@type":"EntryPoint","urlTemplate":"https:\/\/studio44-stockholm.com\/en\/?s={search_term_string}"},"query-input":{"@type":"PropertyValueSpecification","valueRequired":true,"valueName":"search_term_string"}}],"inLanguage":"en-US"},{"@type":"Organization","@id":"https:\/\/studio44-stockholm.com\/en\/#organization","name":"Studio 44 Stockholm","url":"https:\/\/studio44-stockholm.com\/en\/","logo":{"@type":"ImageObject","inLanguage":"en-US","@id":"https:\/\/studio44-stockholm.com\/en\/#\/schema\/logo\/image\/","url":"https:\/\/studio44-stockholm.com\/wp-content\/uploads\/2021\/04\/studio44.jpg","contentUrl":"https:\/\/studio44-stockholm.com\/wp-content\/uploads\/2021\/04\/studio44.jpg","width":300,"height":76,"caption":"Studio 44 Stockholm"},"image":{"@id":"https:\/\/studio44-stockholm.com\/en\/#\/schema\/logo\/image\/"},"sameAs":["https:\/\/www.facebook.com\/studio44stockholm","https:\/\/www.youtube.com\/@studio44stockholm10","https:\/\/www.instagram.com\/studio44sthlm\/"]}]}},"jetpack_sharing_enabled":true,"jetpack_shortlink":"https:\/\/wp.me\/Pa6ks6-7Z6","_links":{"self":[{"href":"https:\/\/studio44-stockholm.com\/en\/wp-json\/wp\/v2\/pages\/30696","targetHints":{"allow":["GET"]}}],"collection":[{"href":"https:\/\/studio44-stockholm.com\/en\/wp-json\/wp\/v2\/pages"}],"about":[{"href":"https:\/\/studio44-stockholm.com\/en\/wp-json\/wp\/v2\/types\/page"}],"author":[{"embeddable":true,"href":"https:\/\/studio44-stockholm.com\/en\/wp-json\/wp\/v2\/users\/50"}],"replies":[{"embeddable":true,"href":"https:\/\/studio44-stockholm.com\/en\/wp-json\/wp\/v2\/comments?post=30696"}],"version-history":[{"count":4,"href":"https:\/\/studio44-stockholm.com\/en\/wp-json\/wp\/v2\/pages\/30696\/revisions"}],"predecessor-version":[{"id":37025,"href":"https:\/\/studio44-stockholm.com\/en\/wp-json\/wp\/v2\/pages\/30696\/revisions\/37025"}],"up":[{"embeddable":true,"href":"https:\/\/studio44-stockholm.com\/en\/wp-json\/wp\/v2\/pages\/30369"}],"wp:attachment":[{"href":"https:\/\/studio44-stockholm.com\/en\/wp-json\/wp\/v2\/media?parent=30696"}],"curies":[{"name":"wp","href":"https:\/\/api.w.org\/{rel}","templated":true}]}}