{"id":30687,"date":"2021-09-04T10:23:23","date_gmt":"2021-09-04T08:23:23","guid":{"rendered":"https:\/\/studio44-stockholm.com\/exhibitions\/exhibitions-2021\/kluven\/"},"modified":"2022-07-29T08:07:34","modified_gmt":"2022-07-29T06:07:34","slug":"kluven","status":"publish","type":"page","link":"https:\/\/studio44-stockholm.com\/en\/exhibitions\/exhibitions-2021\/kluven\/","title":{"rendered":"Kluven"},"content":{"rendered":"<div class=\"fusion-fullwidth fullwidth-box fusion-builder-row-1 hundred-percent-fullwidth non-hundred-percent-height-scrolling\" style=\"--awb-border-radius-top-left:0px;--awb-border-radius-top-right:0px;--awb-border-radius-bottom-right:0px;--awb-border-radius-bottom-left:0px;--awb-flex-wrap:wrap;\" ><div class=\"fusion-builder-row fusion-row\"><div class=\"fusion-layout-column fusion_builder_column fusion-builder-column-0 fusion_builder_column_2_3 2_3 fusion-two-third fusion-column-first fusion-column-no-min-height\" style=\"--awb-padding-right:20px;--awb-bg-size:cover;--awb-border-color:#333333;--awb-border-top:0;--awb-border-right:1px;--awb-border-bottom:0;--awb-border-left:0;--awb-border-style:solid;width:66.666666666667%;width:calc(66.666666666667% - ( ( NO ) * 0.66666666666667 ) );margin-right: ;\"><div class=\"fusion-column-wrapper fusion-column-has-shadow fusion-flex-column-wrapper-legacy\"><div class=\"fusion-title title fusion-title-1 fusion-sep-none fusion-title-text fusion-title-size-one\"><h1 class=\"fusion-title-heading title-heading-left fusion-responsive-typography-calculated\" style=\"margin:0;--fontSize:32;line-height:1.45;\"><h1 style=\"text-align: center;\">Kluven<\/h1><\/h1><\/div><div class=\"fusion-image-element fusion-image-align-center in-legacy-container\" style=\"text-align:center;--awb-caption-title-font-family:var(--h2_typography-font-family);--awb-caption-title-font-weight:var(--h2_typography-font-weight);--awb-caption-title-font-style:var(--h2_typography-font-style);--awb-caption-title-size:var(--h2_typography-font-size);--awb-caption-title-transform:var(--h2_typography-text-transform);--awb-caption-title-line-height:var(--h2_typography-line-height);--awb-caption-title-letter-spacing:var(--h2_typography-letter-spacing);\"><div class=\"imageframe-align-center\"><span class=\" fusion-imageframe imageframe-dropshadow imageframe-1 hover-type-none\" style=\"-webkit-box-shadow: 7px 7px 11px rgba(0,0,0,0.3);box-shadow: 7px 7px 11px rgba(0,0,0,0.3);\"><img decoding=\"async\" width=\"1920\" height=\"1920\" title=\"poster-kluven3-square\" src=\"https:\/\/studio44-stockholm.com\/wp-content\/uploads\/2021\/09\/poster-kluven3-square.jpg\" alt class=\"img-responsive wp-image-25193\" srcset=\"https:\/\/studio44-stockholm.com\/wp-content\/uploads\/2021\/09\/poster-kluven3-square-200x200.jpg 200w, https:\/\/studio44-stockholm.com\/wp-content\/uploads\/2021\/09\/poster-kluven3-square-400x400.jpg 400w, https:\/\/studio44-stockholm.com\/wp-content\/uploads\/2021\/09\/poster-kluven3-square-600x600.jpg 600w, https:\/\/studio44-stockholm.com\/wp-content\/uploads\/2021\/09\/poster-kluven3-square-800x800.jpg 800w, https:\/\/studio44-stockholm.com\/wp-content\/uploads\/2021\/09\/poster-kluven3-square-1200x1200.jpg 1200w, https:\/\/studio44-stockholm.com\/wp-content\/uploads\/2021\/09\/poster-kluven3-square.jpg 1920w\" sizes=\"(max-width: 800px) 100vw, 1200px\" \/><\/span><\/div><\/div><div class=\"fusion-sep-clear\"><\/div><div class=\"fusion-separator fusion-full-width-sep\" style=\"margin-left: auto;margin-right: auto;margin-top:10px;margin-bottom:10px;width:100%;\"><\/div><div class=\"fusion-sep-clear\"><\/div><div class=\"fusion-text fusion-text-1\" style=\"--awb-text-transform:none;\"><p><iframe style=\"width: 100%; height: 640px; border: none; max-width: 100%;\" src=\"https:\/\/kuula.co\/share\/collection\/7q7PS?logo=1&amp;info=0&amp;fs=1&amp;vr=1&amp;sd=1&amp;initload=0&amp;thumbs=1\" width=\"100%\" height=\"640\" frameborder=\"0\" scrolling=\"no\" allowfullscreen=\"allowfullscreen\"><\/iframe><\/p>\n<\/div><div class=\"fusion-clearfix\"><\/div><\/div><\/div><div class=\"fusion-layout-column fusion_builder_column fusion-builder-column-1 fusion_builder_column_1_3 1_3 fusion-one-third fusion-column-last\" style=\"--awb-padding-left:20px;--awb-bg-size:cover;width:33.333333333333%;width:calc(33.333333333333% - ( ( NO ) * 0.33333333333333 ) );\"><div class=\"fusion-column-wrapper fusion-column-has-shadow fusion-flex-column-wrapper-legacy\"><div class=\"fusion-image-element fusion-image-align-center in-legacy-container\" style=\"text-align:center;--awb-caption-title-font-family:var(--h2_typography-font-family);--awb-caption-title-font-weight:var(--h2_typography-font-weight);--awb-caption-title-font-style:var(--h2_typography-font-style);--awb-caption-title-size:var(--h2_typography-font-size);--awb-caption-title-transform:var(--h2_typography-text-transform);--awb-caption-title-line-height:var(--h2_typography-line-height);--awb-caption-title-letter-spacing:var(--h2_typography-letter-spacing);\"><div class=\"imageframe-align-center\"><span class=\" fusion-imageframe imageframe-dropshadow imageframe-2 hover-type-none\" style=\"-webkit-box-shadow: 7px 7px 11px rgba(0,0,0,0.3);box-shadow: 7px 7px 11px rgba(0,0,0,0.3);\"><img decoding=\"async\" width=\"309\" height=\"90\" title=\"Rityta 2@2x\" src=\"https:\/\/studio44-stockholm.com\/wp-content\/uploads\/2021\/05\/Rityta-2@2x.png\" alt class=\"img-responsive wp-image-19272\" srcset=\"https:\/\/studio44-stockholm.com\/wp-content\/uploads\/2021\/05\/Rityta-2@2x-200x58.png 200w, https:\/\/studio44-stockholm.com\/wp-content\/uploads\/2021\/05\/Rityta-2@2x.png 309w\" sizes=\"(max-width: 800px) 100vw, 309px\" \/><\/span><\/div><\/div><div class=\"fusion-title title fusion-title-2 fusion-sep-none fusion-title-text fusion-title-size-two\"><h2 class=\"fusion-title-heading title-heading-left fusion-responsive-typography-calculated\" style=\"margin:0;--fontSize:28;line-height:1.5;\"><h3 style=\"text-align: left;\">The project room<\/h3>\n<p style=\"text-align: left;\"><strong>24 September &#8211; 10 October 2021<\/strong><\/p><\/h2><\/div><div class=\"fusion-title title fusion-title-3 fusion-sep-none fusion-title-text fusion-title-size-two\"><h2 class=\"fusion-title-heading title-heading-left fusion-responsive-typography-calculated\" style=\"margin:0;--fontSize:28;line-height:1.5;\"><h4>Dina Abu Hamdan (Denmark)<br \/>\nBrynhild Bye-Tiller (Norway)<br \/>\nEmma Hirsk (Ireland, Sweden)<br \/>\n<a href=\"https:\/\/studio44-stockholm.com\/portfolio-items\/kasia-piorek\/\">Katarzyna Piorek (Sweden)<\/a><\/h4><\/h2><\/div><div class=\"fusion-text fusion-text-2\"><h4>KLUVEN<\/h4>\n<p>24 September\u201310 October<br \/>\nExhibition by Dina Abu Hamdan, Brynhild Bye-Tiller, Emma Hirsk, Katarzyna Pi\u00f3rek<br \/>\nStudio44, as a part of Woven Network Nordics<\/p>\n<p>Woven Network Nordics is a pan-European digital residency led by Intercult, Stockholm (SE), in collaboration with partners Transform Festival (NO), Nordisk Teaterlaboratorium (DK), Platform TU (UA), and Fablevision studios (UK).<br \/>\nThe framework of the 9-month digital residency foregrounds women\u2019s experience as central to the European response to the COVID-19 pandemic, to propose new ways to amalgamate and disseminate artistic, technological, and socially engaged practices, across borders, international networks, and remote audiences. The Woven Network Nordic artists are Brynhild Bye-Tiller (NO), Dina Abu Hamdan (DK\/JO), Emma Hirsk (SE\/IE), and Katarzyna Pi\u00f3rek (SE\/PL), and project manager Alice M\u00e1seln\u00edkov\u00e1 (SE\/CZ), visual artist and curator.<br \/>\nAcross a broad spectrum of rich and diverse creative praxis, subject expertise, and cultural heritages,<br \/>\nall four of the Woven Network Nordic artists explore and showcase the potentialities of interdisciplinary, inclusive, and socially engaged artistic and digital practices, creating a safe space of support, solidarity, and collaboration for female artists across Europe.<\/p>\n<h4>Brynhild Bye-Tiller: The Kintsugi project<\/h4>\n<p>The Kintsugi Project (2021) began in Norway during the COVID-19 pandemic when a group of women came together to discuss, investigate and share experiences of being \u2018Next of Kin\u2019. They asked themselves what does it mean to be next of kin, and what happens if for some reason you are not able to be the next of kin? The project began with a mobile photography workshop, which became the basis for further research and exhibitions. The group was asked to use their voice through photography. To tell a story about being next of kin through the camera lens. In addition, they did, share personal stories from their lives. The first iteration of The Kintsugi Project was exhibited in Trondheim in summer 2021, with a secondary exhibition at Studio 44 in Stockholm.<\/p>\n<p>The Kintsugi Project is based on Brynhild Bye-Tiller\u2019s socially engaged, photographic art practice, which continually explores the tensions between participation and documentary photography. Bye-Tiller\u2019s work examines authorship, authenticity, method, usability and structure, and corresponding concerns about what kind of elements exist and how to use them in art.<\/p>\n<h4>Dina Abu Hamdan<\/h4>\n<p dir=\"ltr\">The choreography movement choir \u2018HUG\u2019, is based on the need to reconstruct and recreate our daily routines, our connections to each other and the spaces we live in.<\/p>\n<p dir=\"ltr\">A large crowd of children, youth, municipality, and local organizations\u2019 employees come together in their own soundscape bubble, yet collectively feel each other\u2019s movement in an open public space. Being split between the individual and the collective need, reflecting on the fear of a crowd in a pandemic and the need of the human collective encounter.<\/p>\n<p dir=\"ltr\">The public is invited to experience the HUG silently or following the music, visually live or online.<\/p>\n<p dir=\"ltr\">The project is produced by the municipality of Ringk\u00f8bing Skjern in West Jutland \u2013 Denmark with the support of the Danish Kunstfond as part of 100 days of culture and sport.<\/p>\n<p dir=\"ltr\">The HUG is a touring project that aims to visit many cities and bring citizens together.<\/p>\n<p dir=\"ltr\">Choreography: Dina Abu Hamdan<\/p>\n<p dir=\"ltr\">Music: Basil Hogios<\/p>\n<h4>Emma Hirsk: Grief Cartographies<\/h4>\n<p>The Grief Cartographies project, considers the acute intimacies of both private and collective loss, trauma, and grief, within the context of a global Covid pandemic.<br \/>\nAs an artist-researcher from Northern Ireland, based in Sweden, this project is borne from the deeply private loss of my mother earlier this year, and contextualized against the backdrop of pandemic restrictions across travel, borders, contact, care, family, illness, and death.<br \/>\nIncorporating the series \u2018One Hundred Sculptures for my Mother\u2019 this residency research maps a path of grief cloven by time, touch, distance, identities, memories, geographies, and Covid-19 restrictions, and presents photographs, films, drawings\/writings, maps, and socio-spatial practices as a way through grief, and to somehow keep a connection to, and remembrance of my mother.<\/p>\n<h4>Katarzyna Pi\u00f3rek<\/h4>\n<p>The Kluven project has been constructed from a series of interviews with emigrant women who were forced or chose to move from their land to another country and arrived in new life situations with unfamiliar social codes, cultural references, and political heritages.<\/p>\n<p>Through this collection of interviews, I correlate personal experiences within a broader spectrum of emotional conflicts, compromises, struggles of balancing between two worlds, crossing borders, and beginning anew in an unknown country, to highlight the global fate of immigrants. Within this documentary project, I also want to focus on the invisible problem and illustrate the burdens of the human condition. I investigate immigrants&#8217; identity through my own perspective, trying to find a merger for the stories together.<\/p>\n<p>How do people deal with challenges and name the daily dilemmas? How do they feel in the corona pandemic context? For many people living abroad in their native countries, the coronavirus crisis showed how important the possibility of traveling is or, at least, having the option of travel to their previous homes. Ultimately, the project is going to be presented as a documentary-animation film.<\/p>\n<\/div><div class=\"fusion-content-boxes content-boxes columns row fusion-columns-1 fusion-columns-total-1 fusion-content-boxes-1 content-boxes-icon-with-title content-left\" style=\"--awb-hover-accent-color:#ff9800;--awb-circle-hover-accent-color:#ff9800;--awb-item-margin-bottom:40px;\" data-animationOffset=\"top-into-view\"><div style=\"--awb-backgroundcolor:rgba(255,255,255,0);\" class=\"fusion-column content-box-column content-box-column content-box-column-1 col-lg-12 col-md-12 col-sm-12 fusion-content-box-hover content-box-column-last content-box-column-last-in-row\"><div class=\"col content-box-wrapper content-wrapper link-area-link-icon icon-hover-animation-fade\" data-animationOffset=\"top-into-view\"><div class=\"heading icon-left\"><h2 class=\"content-box-heading fusion-responsive-typography-calculated\" style=\"--h2_typography-font-size:18px;--fontSize:18;line-height:1.5;\">Your Content Goes Here<\/h2><\/div><div class=\"fusion-clearfix\"><\/div><div class=\"content-container\">\n<p><a href=\"http:\/\/wovenart.works\/wnnordics\" target=\"_blank\" rel=\"noopener\">HEMSIDA Woven<\/a><\/p>\n<\/div><\/div><\/div><div class=\"fusion-clearfix\"><\/div><\/div><div class=\"fusion-clearfix\"><\/div><\/div><\/div><\/div><\/div>\n","protected":false},"excerpt":{"rendered":"","protected":false},"author":50,"featured_media":0,"parent":30369,"menu_order":0,"comment_status":"closed","ping_status":"closed","template":"","meta":{"jetpack_post_was_ever_published":false,"footnotes":""},"class_list":["post-30687","page","type-page","status-publish","hentry"],"yoast_head":"<!-- This site is optimized with the Yoast SEO plugin v27.5 - https:\/\/yoast.com\/product\/yoast-seo-wordpress\/ -->\n<title>Kluven - Studio 44 Stockholm<\/title>\n<meta name=\"robots\" content=\"index, follow, max-snippet:-1, max-image-preview:large, max-video-preview:-1\" \/>\n<link rel=\"canonical\" href=\"https:\/\/studio44-stockholm.com\/en\/exhibitions\/exhibitions-2021\/kluven\/\" \/>\n<meta property=\"og:locale\" content=\"en_US\" \/>\n<meta property=\"og:type\" content=\"article\" \/>\n<meta property=\"og:title\" content=\"Kluven - Studio 44 Stockholm\" \/>\n<meta property=\"og:url\" content=\"https:\/\/studio44-stockholm.com\/en\/exhibitions\/exhibitions-2021\/kluven\/\" \/>\n<meta property=\"og:site_name\" content=\"Studio 44 Stockholm\" \/>\n<meta property=\"article:publisher\" content=\"https:\/\/www.facebook.com\/studio44stockholm\" \/>\n<meta property=\"article:modified_time\" content=\"2022-07-29T06:07:34+00:00\" \/>\n<meta name=\"twitter:card\" content=\"summary_large_image\" \/>\n<meta name=\"twitter:label1\" content=\"Est. reading time\" \/>\n\t<meta name=\"twitter:data1\" content=\"8 minutes\" \/>\n<script type=\"application\/ld+json\" class=\"yoast-schema-graph\">{\"@context\":\"https:\\\/\\\/schema.org\",\"@graph\":[{\"@type\":\"WebPage\",\"@id\":\"https:\\\/\\\/studio44-stockholm.com\\\/en\\\/exhibitions\\\/exhibitions-2021\\\/kluven\\\/\",\"url\":\"https:\\\/\\\/studio44-stockholm.com\\\/en\\\/exhibitions\\\/exhibitions-2021\\\/kluven\\\/\",\"name\":\"Kluven - Studio 44 Stockholm\",\"isPartOf\":{\"@id\":\"https:\\\/\\\/studio44-stockholm.com\\\/en\\\/#website\"},\"datePublished\":\"2021-09-04T08:23:23+00:00\",\"dateModified\":\"2022-07-29T06:07:34+00:00\",\"breadcrumb\":{\"@id\":\"https:\\\/\\\/studio44-stockholm.com\\\/en\\\/exhibitions\\\/exhibitions-2021\\\/kluven\\\/#breadcrumb\"},\"inLanguage\":\"en-US\",\"potentialAction\":[{\"@type\":\"ReadAction\",\"target\":[\"https:\\\/\\\/studio44-stockholm.com\\\/en\\\/exhibitions\\\/exhibitions-2021\\\/kluven\\\/\"]}]},{\"@type\":\"BreadcrumbList\",\"@id\":\"https:\\\/\\\/studio44-stockholm.com\\\/en\\\/exhibitions\\\/exhibitions-2021\\\/kluven\\\/#breadcrumb\",\"itemListElement\":[{\"@type\":\"ListItem\",\"position\":1,\"name\":\"Hem\",\"item\":\"https:\\\/\\\/studio44-stockholm.com\\\/en\\\/\"},{\"@type\":\"ListItem\",\"position\":2,\"name\":\"Exhibitions\",\"item\":\"https:\\\/\\\/studio44-stockholm.com\\\/en\\\/exhibitions\\\/\"},{\"@type\":\"ListItem\",\"position\":3,\"name\":\"Exhibitions 2021\",\"item\":\"https:\\\/\\\/studio44-stockholm.com\\\/en\\\/exhibitions\\\/exhibitions-2021\\\/\"},{\"@type\":\"ListItem\",\"position\":4,\"name\":\"Kluven\"}]},{\"@type\":\"WebSite\",\"@id\":\"https:\\\/\\\/studio44-stockholm.com\\\/en\\\/#website\",\"url\":\"https:\\\/\\\/studio44-stockholm.com\\\/en\\\/\",\"name\":\"Studio 44 Stockholm\",\"description\":\"Studio 44, artist-run gallery in Stockholm\",\"publisher\":{\"@id\":\"https:\\\/\\\/studio44-stockholm.com\\\/en\\\/#organization\"},\"potentialAction\":[{\"@type\":\"SearchAction\",\"target\":{\"@type\":\"EntryPoint\",\"urlTemplate\":\"https:\\\/\\\/studio44-stockholm.com\\\/en\\\/?s={search_term_string}\"},\"query-input\":{\"@type\":\"PropertyValueSpecification\",\"valueRequired\":true,\"valueName\":\"search_term_string\"}}],\"inLanguage\":\"en-US\"},{\"@type\":\"Organization\",\"@id\":\"https:\\\/\\\/studio44-stockholm.com\\\/en\\\/#organization\",\"name\":\"Studio 44 Stockholm\",\"url\":\"https:\\\/\\\/studio44-stockholm.com\\\/en\\\/\",\"logo\":{\"@type\":\"ImageObject\",\"inLanguage\":\"en-US\",\"@id\":\"https:\\\/\\\/studio44-stockholm.com\\\/en\\\/#\\\/schema\\\/logo\\\/image\\\/\",\"url\":\"https:\\\/\\\/studio44-stockholm.com\\\/wp-content\\\/uploads\\\/2021\\\/04\\\/studio44.jpg\",\"contentUrl\":\"https:\\\/\\\/studio44-stockholm.com\\\/wp-content\\\/uploads\\\/2021\\\/04\\\/studio44.jpg\",\"width\":300,\"height\":76,\"caption\":\"Studio 44 Stockholm\"},\"image\":{\"@id\":\"https:\\\/\\\/studio44-stockholm.com\\\/en\\\/#\\\/schema\\\/logo\\\/image\\\/\"},\"sameAs\":[\"https:\\\/\\\/www.facebook.com\\\/studio44stockholm\",\"https:\\\/\\\/www.youtube.com\\\/@studio44stockholm10\",\"https:\\\/\\\/www.instagram.com\\\/studio44sthlm\\\/\"]}]}<\/script>\n<!-- \/ Yoast SEO plugin. -->","yoast_head_json":{"title":"Kluven - Studio 44 Stockholm","robots":{"index":"index","follow":"follow","max-snippet":"max-snippet:-1","max-image-preview":"max-image-preview:large","max-video-preview":"max-video-preview:-1"},"canonical":"https:\/\/studio44-stockholm.com\/en\/exhibitions\/exhibitions-2021\/kluven\/","og_locale":"en_US","og_type":"article","og_title":"Kluven - Studio 44 Stockholm","og_url":"https:\/\/studio44-stockholm.com\/en\/exhibitions\/exhibitions-2021\/kluven\/","og_site_name":"Studio 44 Stockholm","article_publisher":"https:\/\/www.facebook.com\/studio44stockholm","article_modified_time":"2022-07-29T06:07:34+00:00","twitter_card":"summary_large_image","twitter_misc":{"Est. reading time":"8 minutes"},"schema":{"@context":"https:\/\/schema.org","@graph":[{"@type":"WebPage","@id":"https:\/\/studio44-stockholm.com\/en\/exhibitions\/exhibitions-2021\/kluven\/","url":"https:\/\/studio44-stockholm.com\/en\/exhibitions\/exhibitions-2021\/kluven\/","name":"Kluven - Studio 44 Stockholm","isPartOf":{"@id":"https:\/\/studio44-stockholm.com\/en\/#website"},"datePublished":"2021-09-04T08:23:23+00:00","dateModified":"2022-07-29T06:07:34+00:00","breadcrumb":{"@id":"https:\/\/studio44-stockholm.com\/en\/exhibitions\/exhibitions-2021\/kluven\/#breadcrumb"},"inLanguage":"en-US","potentialAction":[{"@type":"ReadAction","target":["https:\/\/studio44-stockholm.com\/en\/exhibitions\/exhibitions-2021\/kluven\/"]}]},{"@type":"BreadcrumbList","@id":"https:\/\/studio44-stockholm.com\/en\/exhibitions\/exhibitions-2021\/kluven\/#breadcrumb","itemListElement":[{"@type":"ListItem","position":1,"name":"Hem","item":"https:\/\/studio44-stockholm.com\/en\/"},{"@type":"ListItem","position":2,"name":"Exhibitions","item":"https:\/\/studio44-stockholm.com\/en\/exhibitions\/"},{"@type":"ListItem","position":3,"name":"Exhibitions 2021","item":"https:\/\/studio44-stockholm.com\/en\/exhibitions\/exhibitions-2021\/"},{"@type":"ListItem","position":4,"name":"Kluven"}]},{"@type":"WebSite","@id":"https:\/\/studio44-stockholm.com\/en\/#website","url":"https:\/\/studio44-stockholm.com\/en\/","name":"Studio 44 Stockholm","description":"Studio 44, artist-run gallery in Stockholm","publisher":{"@id":"https:\/\/studio44-stockholm.com\/en\/#organization"},"potentialAction":[{"@type":"SearchAction","target":{"@type":"EntryPoint","urlTemplate":"https:\/\/studio44-stockholm.com\/en\/?s={search_term_string}"},"query-input":{"@type":"PropertyValueSpecification","valueRequired":true,"valueName":"search_term_string"}}],"inLanguage":"en-US"},{"@type":"Organization","@id":"https:\/\/studio44-stockholm.com\/en\/#organization","name":"Studio 44 Stockholm","url":"https:\/\/studio44-stockholm.com\/en\/","logo":{"@type":"ImageObject","inLanguage":"en-US","@id":"https:\/\/studio44-stockholm.com\/en\/#\/schema\/logo\/image\/","url":"https:\/\/studio44-stockholm.com\/wp-content\/uploads\/2021\/04\/studio44.jpg","contentUrl":"https:\/\/studio44-stockholm.com\/wp-content\/uploads\/2021\/04\/studio44.jpg","width":300,"height":76,"caption":"Studio 44 Stockholm"},"image":{"@id":"https:\/\/studio44-stockholm.com\/en\/#\/schema\/logo\/image\/"},"sameAs":["https:\/\/www.facebook.com\/studio44stockholm","https:\/\/www.youtube.com\/@studio44stockholm10","https:\/\/www.instagram.com\/studio44sthlm\/"]}]}},"jetpack_sharing_enabled":true,"jetpack_shortlink":"https:\/\/wp.me\/Pa6ks6-7YX","_links":{"self":[{"href":"https:\/\/studio44-stockholm.com\/en\/wp-json\/wp\/v2\/pages\/30687","targetHints":{"allow":["GET"]}}],"collection":[{"href":"https:\/\/studio44-stockholm.com\/en\/wp-json\/wp\/v2\/pages"}],"about":[{"href":"https:\/\/studio44-stockholm.com\/en\/wp-json\/wp\/v2\/types\/page"}],"author":[{"embeddable":true,"href":"https:\/\/studio44-stockholm.com\/en\/wp-json\/wp\/v2\/users\/50"}],"replies":[{"embeddable":true,"href":"https:\/\/studio44-stockholm.com\/en\/wp-json\/wp\/v2\/comments?post=30687"}],"version-history":[{"count":2,"href":"https:\/\/studio44-stockholm.com\/en\/wp-json\/wp\/v2\/pages\/30687\/revisions"}],"predecessor-version":[{"id":30689,"href":"https:\/\/studio44-stockholm.com\/en\/wp-json\/wp\/v2\/pages\/30687\/revisions\/30689"}],"up":[{"embeddable":true,"href":"https:\/\/studio44-stockholm.com\/en\/wp-json\/wp\/v2\/pages\/30369"}],"wp:attachment":[{"href":"https:\/\/studio44-stockholm.com\/en\/wp-json\/wp\/v2\/media?parent=30687"}],"curies":[{"name":"wp","href":"https:\/\/api.w.org\/{rel}","templated":true}]}}