{"id":30343,"date":"2018-03-03T11:37:44","date_gmt":"2018-03-03T11:37:44","guid":{"rendered":"https:\/\/studio44-stockholm.com\/utstallningar\/"},"modified":"2025-12-01T11:32:34","modified_gmt":"2025-12-01T10:32:34","slug":"exhibitions","status":"publish","type":"page","link":"https:\/\/studio44-stockholm.com\/en\/exhibitions\/","title":{"rendered":"Exhibitions"},"content":{"rendered":"<div class=\"fusion-fullwidth fullwidth-box fusion-builder-row-1 hundred-percent-fullwidth non-hundred-percent-height-scrolling\" style=\"--awb-border-radius-top-left:0px;--awb-border-radius-top-right:0px;--awb-border-radius-bottom-right:0px;--awb-border-radius-bottom-left:0px;--awb-flex-wrap:wrap;\" ><div class=\"fusion-builder-row fusion-row\"><div class=\"fusion-layout-column fusion_builder_column fusion-builder-column-0 fusion_builder_column_2_3 2_3 fusion-two-third fusion-column-first fusion-column-no-min-height\" style=\"--awb-padding-right:30px;--awb-bg-size:cover;width:66.666666666667%;width:calc(66.666666666667% - ( ( NO ) * 0.66666666666667 ) );margin-right: ;\"><div class=\"fusion-column-wrapper fusion-column-has-shadow fusion-flex-column-wrapper-legacy\"><div class=\"fusion-title title fusion-title-1 fusion-sep-none fusion-title-text fusion-title-size-two\"><h2 class=\"fusion-title-heading title-heading-left fusion-responsive-typography-calculated\" style=\"margin:0;--fontSize:28;line-height:1.5;\"><h1>Exhibitions<\/h1><\/h2><\/div><div class=\"fusion-sep-clear\"><\/div><div class=\"fusion-separator fusion-full-width-sep\" style=\"margin-left: auto;margin-right: auto;margin-top:10px;margin-bottom:2px;width:100%;\"><\/div><div class=\"fusion-sep-clear\"><\/div><div class=\"fusion-text fusion-text-1\"><script type=\"text\/javascript\">jQuery(function() { _initLayerSlider( '#layerslider_3_1kqbafxbvzhgd', {createdWith: '6.7.0', sliderVersion: '6.11.8', pauseOnHover: 'enabled', skin: 'v6', sliderFadeInDuration: 350, useSrcset: true, skinsPath: 'https:\/\/studio44-stockholm.com\/wp-content\/plugins\/LayerSlider\/assets\/static\/layerslider\/skins\/', performanceMode: true}); });<\/script><div id=\"layerslider_3_1kqbafxbvzhgd\"  class=\"ls-wp-container fitvidsignore ls-selectable\" style=\"width:900px;height:720px;margin:0 auto;margin-bottom: 0px;\"><div class=\"ls-slide\" data-ls=\"duration:4000;transition2d:2;timeshift:-100;\"><\/div><div class=\"ls-slide\" data-ls=\"duration:4000;transition2d:2;\"><img decoding=\"async\" width=\"540\" height=\"960\" src=\"https:\/\/studio44-stockholm.com\/wp-content\/uploads\/2018\/07\/Na\u0308rbild-landskap.jpg\" class=\"ls-bg\" alt=\"\" srcset=\"https:\/\/studio44-stockholm.com\/wp-content\/uploads\/2018\/07\/Na\u0308rbild-landskap-169x300.jpg 169w, https:\/\/studio44-stockholm.com\/wp-content\/uploads\/2018\/07\/Na\u0308rbild-landskap-200x356.jpg 200w, https:\/\/studio44-stockholm.com\/wp-content\/uploads\/2018\/07\/Na\u0308rbild-landskap-400x711.jpg 400w, https:\/\/studio44-stockholm.com\/wp-content\/uploads\/2018\/07\/Na\u0308rbild-landskap.jpg 540w\" sizes=\"(max-width: 540px) 100vw, 540px\" \/><\/div><div class=\"ls-slide\" data-ls=\"duration:4000;transition2d:2;\"><img decoding=\"async\" width=\"1771\" height=\"933\" src=\"https:\/\/studio44-stockholm.com\/wp-content\/uploads\/2018\/07\/Flyer_New.jpg\" class=\"ls-bg\" alt=\"\" srcset=\"https:\/\/studio44-stockholm.com\/wp-content\/uploads\/2018\/07\/Flyer_New-200x105.jpg 200w, https:\/\/studio44-stockholm.com\/wp-content\/uploads\/2018\/07\/Flyer_New-300x158.jpg 300w, https:\/\/studio44-stockholm.com\/wp-content\/uploads\/2018\/07\/Flyer_New-400x211.jpg 400w, https:\/\/studio44-stockholm.com\/wp-content\/uploads\/2018\/07\/Flyer_New-600x316.jpg 600w, https:\/\/studio44-stockholm.com\/wp-content\/uploads\/2018\/07\/Flyer_New-768x405.jpg 768w, https:\/\/studio44-stockholm.com\/wp-content\/uploads\/2018\/07\/Flyer_New-800x421.jpg 800w, https:\/\/studio44-stockholm.com\/wp-content\/uploads\/2018\/07\/Flyer_New-1024x539.jpg 1024w, https:\/\/studio44-stockholm.com\/wp-content\/uploads\/2018\/07\/Flyer_New-1200x632.jpg 1200w, https:\/\/studio44-stockholm.com\/wp-content\/uploads\/2018\/07\/Flyer_New.jpg 1771w\" sizes=\"(max-width: 1771px) 100vw, 1771px\" \/><\/div><div class=\"ls-slide\" data-ls=\"duration:4000;transition2d:2;\"><\/div><div class=\"ls-slide\" data-ls=\"duration:4000;transition2d:2;\"><img decoding=\"async\" width=\"1920\" height=\"1080\" src=\"https:\/\/studio44-stockholm.com\/wp-content\/uploads\/2018\/07\/mats.jpg\" class=\"ls-bg\" alt=\"\" srcset=\"https:\/\/studio44-stockholm.com\/wp-content\/uploads\/2018\/07\/mats-200x113.jpg 200w, https:\/\/studio44-stockholm.com\/wp-content\/uploads\/2018\/07\/mats-300x169.jpg 300w, https:\/\/studio44-stockholm.com\/wp-content\/uploads\/2018\/07\/mats-400x225.jpg 400w, https:\/\/studio44-stockholm.com\/wp-content\/uploads\/2018\/07\/mats-600x338.jpg 600w, https:\/\/studio44-stockholm.com\/wp-content\/uploads\/2018\/07\/mats-768x432.jpg 768w, https:\/\/studio44-stockholm.com\/wp-content\/uploads\/2018\/07\/mats-800x450.jpg 800w, https:\/\/studio44-stockholm.com\/wp-content\/uploads\/2018\/07\/mats-1024x576.jpg 1024w, https:\/\/studio44-stockholm.com\/wp-content\/uploads\/2018\/07\/mats-1200x675.jpg 1200w, https:\/\/studio44-stockholm.com\/wp-content\/uploads\/2018\/07\/mats.jpg 1920w\" sizes=\"(max-width: 1920px) 100vw, 1920px\" \/><\/div><div class=\"ls-slide\" data-ls=\"duration:4000;transition2d:2;\"><img decoding=\"async\" width=\"1207\" height=\"500\" src=\"https:\/\/studio44-stockholm.com\/wp-content\/uploads\/2018\/07\/DSC_5840.jpg\" class=\"ls-bg\" alt=\"\" srcset=\"https:\/\/studio44-stockholm.com\/wp-content\/uploads\/2018\/07\/DSC_5840-200x83.jpg 200w, https:\/\/studio44-stockholm.com\/wp-content\/uploads\/2018\/07\/DSC_5840-300x124.jpg 300w, https:\/\/studio44-stockholm.com\/wp-content\/uploads\/2018\/07\/DSC_5840-400x166.jpg 400w, https:\/\/studio44-stockholm.com\/wp-content\/uploads\/2018\/07\/DSC_5840-600x249.jpg 600w, https:\/\/studio44-stockholm.com\/wp-content\/uploads\/2018\/07\/DSC_5840-768x318.jpg 768w, https:\/\/studio44-stockholm.com\/wp-content\/uploads\/2018\/07\/DSC_5840-800x331.jpg 800w, https:\/\/studio44-stockholm.com\/wp-content\/uploads\/2018\/07\/DSC_5840-1024x424.jpg 1024w, https:\/\/studio44-stockholm.com\/wp-content\/uploads\/2018\/07\/DSC_5840-1200x497.jpg 1200w, https:\/\/studio44-stockholm.com\/wp-content\/uploads\/2018\/07\/DSC_5840.jpg 1207w\" sizes=\"(max-width: 1207px) 100vw, 1207px\" \/><\/div><div class=\"ls-slide\" ><img decoding=\"async\" width=\"2048\" height=\"1536\" src=\"https:\/\/studio44-stockholm.com\/wp-content\/uploads\/2018\/07\/IMG_20180420_170013806.jpg\" class=\"ls-bg\" alt=\"\" srcset=\"https:\/\/studio44-stockholm.com\/wp-content\/uploads\/2018\/07\/IMG_20180420_170013806-200x150.jpg 200w, https:\/\/studio44-stockholm.com\/wp-content\/uploads\/2018\/07\/IMG_20180420_170013806-300x225.jpg 300w, https:\/\/studio44-stockholm.com\/wp-content\/uploads\/2018\/07\/IMG_20180420_170013806-400x300.jpg 400w, https:\/\/studio44-stockholm.com\/wp-content\/uploads\/2018\/07\/IMG_20180420_170013806-600x450.jpg 600w, https:\/\/studio44-stockholm.com\/wp-content\/uploads\/2018\/07\/IMG_20180420_170013806-768x576.jpg 768w, https:\/\/studio44-stockholm.com\/wp-content\/uploads\/2018\/07\/IMG_20180420_170013806-800x600.jpg 800w, https:\/\/studio44-stockholm.com\/wp-content\/uploads\/2018\/07\/IMG_20180420_170013806-1024x768.jpg 1024w, https:\/\/studio44-stockholm.com\/wp-content\/uploads\/2018\/07\/IMG_20180420_170013806-1200x900.jpg 1200w, https:\/\/studio44-stockholm.com\/wp-content\/uploads\/2018\/07\/IMG_20180420_170013806.jpg 2048w\" sizes=\"(max-width: 2048px) 100vw, 2048px\" \/><\/div><\/div>\n<\/div><div class=\"fusion-sep-clear\"><\/div><div class=\"fusion-separator fusion-full-width-sep\" style=\"margin-left: auto;margin-right: auto;margin-top:10px;margin-bottom:2px;width:100%;\"><\/div><div class=\"fusion-sep-clear\"><\/div><div class=\"fusion-text fusion-text-2\"><p>Studio 44 har tv\u00e5 utst\u00e4llningsrum, Galleriet och Projektrum. Dessutom arbetar vi mycket aktivt med utbyten, s\u00e5v\u00e4l med konstn\u00e4rsdrivna gallerier i landet som utomlands.<\/p>\n<\/div><div class=\"fusion-clearfix\"><\/div><\/div><\/div><div class=\"fusion-layout-column fusion_builder_column fusion-builder-column-1 fusion_builder_column_1_4 1_4 fusion-one-fourth fusion-column-last\" style=\"--awb-bg-size:cover;--awb-margin-top:30px;width:25%;width:calc(25% - ( ( NO ) * 0.25 ) );\"><div class=\"fusion-column-wrapper fusion-column-has-shadow fusion-flex-column-wrapper-legacy\"><div class=\"fusion-title title fusion-title-2 fusion-sep-none fusion-title-text fusion-title-size-one\"><h1 class=\"fusion-title-heading title-heading-left fusion-responsive-typography-calculated\" style=\"margin:0;--fontSize:32;line-height:1.45;\"><h2 style=\"text-align: center;\">Years<\/h2><\/h1><\/div><div class=\"fusion-aligncenter\"><a class=\"fusion-button button-flat fusion-button-default-size button-default fusion-button-default button-1 fusion-button-default-span fusion-button-default-type\" style=\"--button_margin-top:10px;--button_margin-bottom:10px;\" target=\"_self\" href=\"https:\/\/studio44-stockholm.com\/en\/39499-2\/\"><span class=\"fusion-button-text awb-button__text awb-button__text--default\">Exhibitions 2026<\/span><\/a><\/div><div class=\"fusion-aligncenter\"><a class=\"fusion-button button-flat fusion-button-default-size button-default fusion-button-default button-2 fusion-button-default-span fusion-button-default-type\" style=\"--button_margin-top:10px;--button_margin-bottom:10px;\" target=\"_self\" href=\"https:\/\/studio44-stockholm.com\/en\/exhibitions\/exhibitions-2025\/\"><span class=\"fusion-button-text awb-button__text awb-button__text--default\">Exhibitions 2025<\/span><\/a><\/div><div class=\"fusion-aligncenter\"><a class=\"fusion-button button-flat fusion-button-default-size button-default fusion-button-default button-3 fusion-button-default-span fusion-button-default-type\" style=\"--button_margin-top:10px;--button_margin-bottom:10px;\" target=\"_self\" href=\"https:\/\/studio44-stockholm.com\/en\/exhibitions\/exhibitions-2024\/\"><span class=\"fusion-button-text awb-button__text awb-button__text--default\">Exhibitions 2024<\/span><\/a><\/div><div class=\"fusion-aligncenter\"><a class=\"fusion-button button-flat fusion-button-default-size button-default fusion-button-default button-4 fusion-button-default-span fusion-button-default-type\" style=\"--button_margin-top:10px;--button_margin-bottom:10px;\" target=\"_self\" href=\"https:\/\/studio44-stockholm.com\/en\/exhibitions\/exhibitions-2023\/\"><span class=\"fusion-button-text awb-button__text awb-button__text--default\">Exhibitions 2023<\/span><\/a><\/div><div class=\"fusion-aligncenter\"><a class=\"fusion-button button-flat fusion-button-default-size button-default fusion-button-default button-5 fusion-button-default-span fusion-button-default-type\" style=\"--button_margin-top:10px;--button_margin-bottom:10px;\" target=\"_self\" href=\"https:\/\/studio44-stockholm.com\/en\/utstallningar\/utstallningar-2022\/\"><span class=\"fusion-button-text awb-button__text awb-button__text--default\">Exhibitions 2022<\/span><\/a><\/div><div class=\"fusion-aligncenter\"><a class=\"fusion-button button-flat fusion-button-default-size button-default fusion-button-default button-6 fusion-button-default-span fusion-button-default-type\" style=\"--button_margin-top:10px;--button_margin-bottom:10px;\" target=\"_self\" href=\"https:\/\/studio44-stockholm.com\/en\/utstallningar\/utstallningar-2021\/\"><span class=\"fusion-button-text awb-button__text awb-button__text--default\">Exhibitions 2021<\/span><\/a><\/div><div class=\"fusion-aligncenter\"><a class=\"fusion-button button-flat fusion-button-default-size button-default fusion-button-default button-7 fusion-button-default-span fusion-button-default-type\" style=\"--button_margin-top:10px;--button_margin-bottom:10px;\" target=\"_self\" href=\"https:\/\/studio44-stockholm.com\/en\/utstallningar\/utstallningar-2020\/\"><span class=\"fusion-button-text awb-button__text awb-button__text--default\">Exhibitions 2020<\/span><\/a><\/div><div class=\"fusion-aligncenter\"><a class=\"fusion-button button-flat fusion-button-default-size button-default fusion-button-default button-8 fusion-button-default-span fusion-button-default-type\" style=\"--button_margin-top:10px;--button_margin-bottom:10px;\" target=\"_self\" href=\"https:\/\/studio44-stockholm.com\/en\/utstallningar\/utstallningar-2019\/\"><span class=\"fusion-button-text awb-button__text awb-button__text--default\">Exhibitions 2019<\/span><\/a><\/div><div class=\"fusion-aligncenter\"><a class=\"fusion-button button-flat fusion-button-default-size button-default fusion-button-default button-9 fusion-button-default-span fusion-button-default-type\" style=\"--button_margin-top:10px;--button_margin-bottom:10px;\" target=\"_self\" href=\"https:\/\/studio44-stockholm.com\/en\/utstallningar\/utstallningar-2018\/\"><span class=\"fusion-button-text awb-button__text awb-button__text--default\">Exhibitions 2018<\/span><\/a><\/div><div class=\"fusion-aligncenter\"><a class=\"fusion-button button-flat fusion-button-default-size button-default fusion-button-default button-10 fusion-button-default-span fusion-button-default-type\" style=\"--button_margin-top:10px;--button_margin-bottom:10px;\" target=\"_self\" href=\"https:\/\/studio44-stockholm.com\/en\/utstallningar\/utstallningar-2017\/\"><span class=\"fusion-button-text awb-button__text awb-button__text--default\">Exhibitions 2017<\/span><\/a><\/div><div class=\"fusion-clearfix\"><\/div><\/div><\/div><\/div><\/div>\n","protected":false},"excerpt":{"rendered":"","protected":false},"author":1,"featured_media":0,"parent":0,"menu_order":0,"comment_status":"closed","ping_status":"closed","template":"","meta":{"jetpack_post_was_ever_published":false,"footnotes":""},"class_list":["post-30343","page","type-page","status-publish","hentry"],"yoast_head":"<!-- This site is optimized with the Yoast SEO plugin v27.4 - https:\/\/yoast.com\/product\/yoast-seo-wordpress\/ -->\n<title>Exhibitions - Studio 44 Stockholm<\/title>\n<meta name=\"description\" content=\"Utst\u00e4llningar och lokalen p\u00e5 Studio 44\" \/>\n<meta name=\"robots\" content=\"index, follow, max-snippet:-1, max-image-preview:large, max-video-preview:-1\" \/>\n<link rel=\"canonical\" href=\"https:\/\/studio44-stockholm.com\/en\/exhibitions\/\" \/>\n<meta property=\"og:locale\" content=\"en_US\" \/>\n<meta property=\"og:type\" content=\"article\" \/>\n<meta property=\"og:title\" content=\"Exhibitions - Studio 44 Stockholm\" \/>\n<meta property=\"og:description\" content=\"Utst\u00e4llningar och lokalen p\u00e5 Studio 44\" \/>\n<meta property=\"og:url\" content=\"https:\/\/studio44-stockholm.com\/en\/exhibitions\/\" \/>\n<meta property=\"og:site_name\" content=\"Studio 44 Stockholm\" \/>\n<meta property=\"article:publisher\" content=\"https:\/\/www.facebook.com\/studio44stockholm\" \/>\n<meta property=\"article:modified_time\" content=\"2025-12-01T10:32:34+00:00\" \/>\n<meta name=\"twitter:card\" content=\"summary_large_image\" \/>\n<meta name=\"twitter:label1\" content=\"Est. reading time\" \/>\n\t<meta name=\"twitter:data1\" content=\"2 minutes\" \/>\n<script type=\"application\/ld+json\" class=\"yoast-schema-graph\">{\"@context\":\"https:\\\/\\\/schema.org\",\"@graph\":[{\"@type\":\"WebPage\",\"@id\":\"https:\\\/\\\/studio44-stockholm.com\\\/en\\\/exhibitions\\\/\",\"url\":\"https:\\\/\\\/studio44-stockholm.com\\\/en\\\/exhibitions\\\/\",\"name\":\"Exhibitions - Studio 44 Stockholm\",\"isPartOf\":{\"@id\":\"https:\\\/\\\/studio44-stockholm.com\\\/en\\\/#website\"},\"datePublished\":\"2018-03-03T11:37:44+00:00\",\"dateModified\":\"2025-12-01T10:32:34+00:00\",\"description\":\"Utst\u00e4llningar och lokalen p\u00e5 Studio 44\",\"breadcrumb\":{\"@id\":\"https:\\\/\\\/studio44-stockholm.com\\\/en\\\/exhibitions\\\/#breadcrumb\"},\"inLanguage\":\"en-US\",\"potentialAction\":[{\"@type\":\"ReadAction\",\"target\":[\"https:\\\/\\\/studio44-stockholm.com\\\/en\\\/exhibitions\\\/\"]}]},{\"@type\":\"BreadcrumbList\",\"@id\":\"https:\\\/\\\/studio44-stockholm.com\\\/en\\\/exhibitions\\\/#breadcrumb\",\"itemListElement\":[{\"@type\":\"ListItem\",\"position\":1,\"name\":\"Hem\",\"item\":\"https:\\\/\\\/studio44-stockholm.com\\\/en\\\/\"},{\"@type\":\"ListItem\",\"position\":2,\"name\":\"Exhibitions\"}]},{\"@type\":\"WebSite\",\"@id\":\"https:\\\/\\\/studio44-stockholm.com\\\/en\\\/#website\",\"url\":\"https:\\\/\\\/studio44-stockholm.com\\\/en\\\/\",\"name\":\"Studio 44 Stockholm\",\"description\":\"Studio 44, artist-run gallery in Stockholm\",\"publisher\":{\"@id\":\"https:\\\/\\\/studio44-stockholm.com\\\/en\\\/#organization\"},\"potentialAction\":[{\"@type\":\"SearchAction\",\"target\":{\"@type\":\"EntryPoint\",\"urlTemplate\":\"https:\\\/\\\/studio44-stockholm.com\\\/en\\\/?s={search_term_string}\"},\"query-input\":{\"@type\":\"PropertyValueSpecification\",\"valueRequired\":true,\"valueName\":\"search_term_string\"}}],\"inLanguage\":\"en-US\"},{\"@type\":\"Organization\",\"@id\":\"https:\\\/\\\/studio44-stockholm.com\\\/en\\\/#organization\",\"name\":\"Studio 44 Stockholm\",\"url\":\"https:\\\/\\\/studio44-stockholm.com\\\/en\\\/\",\"logo\":{\"@type\":\"ImageObject\",\"inLanguage\":\"en-US\",\"@id\":\"https:\\\/\\\/studio44-stockholm.com\\\/en\\\/#\\\/schema\\\/logo\\\/image\\\/\",\"url\":\"https:\\\/\\\/studio44-stockholm.com\\\/wp-content\\\/uploads\\\/2021\\\/04\\\/studio44.jpg\",\"contentUrl\":\"https:\\\/\\\/studio44-stockholm.com\\\/wp-content\\\/uploads\\\/2021\\\/04\\\/studio44.jpg\",\"width\":300,\"height\":76,\"caption\":\"Studio 44 Stockholm\"},\"image\":{\"@id\":\"https:\\\/\\\/studio44-stockholm.com\\\/en\\\/#\\\/schema\\\/logo\\\/image\\\/\"},\"sameAs\":[\"https:\\\/\\\/www.facebook.com\\\/studio44stockholm\",\"https:\\\/\\\/www.youtube.com\\\/@studio44stockholm10\",\"https:\\\/\\\/www.instagram.com\\\/studio44sthlm\\\/\"]}]}<\/script>\n<!-- \/ Yoast SEO plugin. -->","yoast_head_json":{"title":"Exhibitions - Studio 44 Stockholm","description":"Utst\u00e4llningar och lokalen p\u00e5 Studio 44","robots":{"index":"index","follow":"follow","max-snippet":"max-snippet:-1","max-image-preview":"max-image-preview:large","max-video-preview":"max-video-preview:-1"},"canonical":"https:\/\/studio44-stockholm.com\/en\/exhibitions\/","og_locale":"en_US","og_type":"article","og_title":"Exhibitions - Studio 44 Stockholm","og_description":"Utst\u00e4llningar och lokalen p\u00e5 Studio 44","og_url":"https:\/\/studio44-stockholm.com\/en\/exhibitions\/","og_site_name":"Studio 44 Stockholm","article_publisher":"https:\/\/www.facebook.com\/studio44stockholm","article_modified_time":"2025-12-01T10:32:34+00:00","twitter_card":"summary_large_image","twitter_misc":{"Est. reading time":"2 minutes"},"schema":{"@context":"https:\/\/schema.org","@graph":[{"@type":"WebPage","@id":"https:\/\/studio44-stockholm.com\/en\/exhibitions\/","url":"https:\/\/studio44-stockholm.com\/en\/exhibitions\/","name":"Exhibitions - Studio 44 Stockholm","isPartOf":{"@id":"https:\/\/studio44-stockholm.com\/en\/#website"},"datePublished":"2018-03-03T11:37:44+00:00","dateModified":"2025-12-01T10:32:34+00:00","description":"Utst\u00e4llningar och lokalen p\u00e5 Studio 44","breadcrumb":{"@id":"https:\/\/studio44-stockholm.com\/en\/exhibitions\/#breadcrumb"},"inLanguage":"en-US","potentialAction":[{"@type":"ReadAction","target":["https:\/\/studio44-stockholm.com\/en\/exhibitions\/"]}]},{"@type":"BreadcrumbList","@id":"https:\/\/studio44-stockholm.com\/en\/exhibitions\/#breadcrumb","itemListElement":[{"@type":"ListItem","position":1,"name":"Hem","item":"https:\/\/studio44-stockholm.com\/en\/"},{"@type":"ListItem","position":2,"name":"Exhibitions"}]},{"@type":"WebSite","@id":"https:\/\/studio44-stockholm.com\/en\/#website","url":"https:\/\/studio44-stockholm.com\/en\/","name":"Studio 44 Stockholm","description":"Studio 44, artist-run gallery in Stockholm","publisher":{"@id":"https:\/\/studio44-stockholm.com\/en\/#organization"},"potentialAction":[{"@type":"SearchAction","target":{"@type":"EntryPoint","urlTemplate":"https:\/\/studio44-stockholm.com\/en\/?s={search_term_string}"},"query-input":{"@type":"PropertyValueSpecification","valueRequired":true,"valueName":"search_term_string"}}],"inLanguage":"en-US"},{"@type":"Organization","@id":"https:\/\/studio44-stockholm.com\/en\/#organization","name":"Studio 44 Stockholm","url":"https:\/\/studio44-stockholm.com\/en\/","logo":{"@type":"ImageObject","inLanguage":"en-US","@id":"https:\/\/studio44-stockholm.com\/en\/#\/schema\/logo\/image\/","url":"https:\/\/studio44-stockholm.com\/wp-content\/uploads\/2021\/04\/studio44.jpg","contentUrl":"https:\/\/studio44-stockholm.com\/wp-content\/uploads\/2021\/04\/studio44.jpg","width":300,"height":76,"caption":"Studio 44 Stockholm"},"image":{"@id":"https:\/\/studio44-stockholm.com\/en\/#\/schema\/logo\/image\/"},"sameAs":["https:\/\/www.facebook.com\/studio44stockholm","https:\/\/www.youtube.com\/@studio44stockholm10","https:\/\/www.instagram.com\/studio44sthlm\/"]}]}},"jetpack_sharing_enabled":true,"jetpack_shortlink":"https:\/\/wp.me\/Pa6ks6-7Tp","_links":{"self":[{"href":"https:\/\/studio44-stockholm.com\/en\/wp-json\/wp\/v2\/pages\/30343","targetHints":{"allow":["GET"]}}],"collection":[{"href":"https:\/\/studio44-stockholm.com\/en\/wp-json\/wp\/v2\/pages"}],"about":[{"href":"https:\/\/studio44-stockholm.com\/en\/wp-json\/wp\/v2\/types\/page"}],"author":[{"embeddable":true,"href":"https:\/\/studio44-stockholm.com\/en\/wp-json\/wp\/v2\/users\/1"}],"replies":[{"embeddable":true,"href":"https:\/\/studio44-stockholm.com\/en\/wp-json\/wp\/v2\/comments?post=30343"}],"version-history":[{"count":23,"href":"https:\/\/studio44-stockholm.com\/en\/wp-json\/wp\/v2\/pages\/30343\/revisions"}],"predecessor-version":[{"id":39527,"href":"https:\/\/studio44-stockholm.com\/en\/wp-json\/wp\/v2\/pages\/30343\/revisions\/39527"}],"wp:attachment":[{"href":"https:\/\/studio44-stockholm.com\/en\/wp-json\/wp\/v2\/media?parent=30343"}],"curies":[{"name":"wp","href":"https:\/\/api.w.org\/{rel}","templated":true}]}}